{"id":1146,"date":"2021-08-13T15:15:45","date_gmt":"2021-08-13T14:15:45","guid":{"rendered":"http:\/\/drafts.design-vibe.co.uk\/api\/?page_id=1146"},"modified":"2024-01-09T19:57:23","modified_gmt":"2024-01-09T19:57:23","slug":"large-shaft-forgings","status":"publish","type":"page","link":"https:\/\/www.api-engineering.com\/es\/large-shaft-forgings\/","title":{"rendered":"Forjados de ejes Grandes"},"content":{"rendered":"\t\t<div data-elementor-type=\"wp-page\" data-elementor-id=\"1146\" class=\"elementor elementor-1146\" data-elementor-post-type=\"page\">\n\t\t\t\t\t\t<section class=\"elementor-section elementor-top-section elementor-element elementor-element-2880a3d elementor-section-height-min-height homeban elementor-section-boxed elementor-section-height-default elementor-section-items-middle\" data-id=\"2880a3d\" data-element_type=\"section\" data-e-type=\"section\" data-settings=\"{&quot;background_background&quot;:&quot;classic&quot;}\">\n\t\t\t\t\t\t\t<div class=\"elementor-background-overlay\"><\/div>\n\t\t\t\t\t\t\t<div class=\"elementor-container elementor-column-gap-default\">\n\t\t\t\t\t<div class=\"elementor-column elementor-col-50 elementor-top-column elementor-element elementor-element-7f13f31\" data-id=\"7f13f31\" data-element_type=\"column\" data-e-type=\"column\">\n\t\t\t<div class=\"elementor-widget-wrap elementor-element-populated\">\n\t\t\t\t\t\t<div class=\"elementor-element elementor-element-8a6391d elementor-widget elementor-widget-heading\" data-id=\"8a6391d\" data-element_type=\"widget\" data-e-type=\"widget\" data-widget_type=\"heading.default\">\n\t\t\t\t<div class=\"elementor-widget-container\">\n\t\t\t\t\t<h1 class=\"elementor-heading-title elementor-size-default\">Forjados de ejes Grandes<\/h1>\t\t\t\t<\/div>\n\t\t\t\t<\/div>\n\t\t\t\t<div class=\"elementor-element elementor-element-84c0ec2 elementor-widget elementor-widget-text-editor\" data-id=\"84c0ec2\" data-element_type=\"widget\" data-e-type=\"widget\" data-widget_type=\"text-editor.default\">\n\t\t\t\t<div class=\"elementor-widget-container\">\n\t\t\t\t\t\t\t\t\t<p>API Engineering ha sido durante mucho tiempo un proveedor de ejes forjados de alta calidad para una variedad de aplicaciones e industrias, incluyendo motores y generadores, aerogeneradores, cajas de engranajes y motores di\u00e9sel.<\/p>\t\t\t\t\t\t\t\t<\/div>\n\t\t\t\t<\/div>\n\t\t\t\t<div class=\"elementor-element elementor-element-0f51f1d elementor-widget elementor-widget-button\" data-id=\"0f51f1d\" data-element_type=\"widget\" data-e-type=\"widget\" data-widget_type=\"button.default\">\n\t\t\t\t<div class=\"elementor-widget-container\">\n\t\t\t\t\t\t\t\t\t<div class=\"elementor-button-wrapper\">\n\t\t\t\t\t<a class=\"elementor-button elementor-button-link elementor-size-md\" href=\"\/es\/contact-us\">\n\t\t\t\t\t\t<span class=\"elementor-button-content-wrapper\">\n\t\t\t\t\t\t\t\t\t<span class=\"elementor-button-text\">Realizar Consulta<\/span>\n\t\t\t\t\t<\/span>\n\t\t\t\t\t<\/a>\n\t\t\t\t<\/div>\n\t\t\t\t\t\t\t\t<\/div>\n\t\t\t\t<\/div>\n\t\t\t\t\t<\/div>\n\t\t<\/div>\n\t\t\t\t<div class=\"elementor-column elementor-col-50 elementor-top-column elementor-element elementor-element-bf7aa36\" data-id=\"bf7aa36\" data-element_type=\"column\" data-e-type=\"column\">\n\t\t\t<div class=\"elementor-widget-wrap\">\n\t\t\t\t\t\t\t<\/div>\n\t\t<\/div>\n\t\t\t\t\t<\/div>\n\t\t<\/section>\n\t\t\t\t<section class=\"elementor-section elementor-top-section elementor-element elementor-element-e238bc8 elementor-section-boxed elementor-section-height-default elementor-section-height-default\" data-id=\"e238bc8\" data-element_type=\"section\" data-e-type=\"section\" data-settings=\"{&quot;background_background&quot;:&quot;classic&quot;}\">\n\t\t\t\t\t\t<div class=\"elementor-container elementor-column-gap-default\">\n\t\t\t\t\t<div class=\"elementor-column elementor-col-100 elementor-top-column elementor-element elementor-element-a3fb0ab\" data-id=\"a3fb0ab\" data-element_type=\"column\" data-e-type=\"column\">\n\t\t\t<div class=\"elementor-widget-wrap elementor-element-populated\">\n\t\t\t\t\t\t<div class=\"elementor-element elementor-element-37940ce elementor-widget elementor-widget-heading\" data-id=\"37940ce\" data-element_type=\"widget\" data-e-type=\"widget\" data-widget_type=\"heading.default\">\n\t\t\t\t<div class=\"elementor-widget-container\">\n\t\t\t\t\t<h2 class=\"elementor-heading-title elementor-size-default\">Podemos producir forjados en bruto o mecanizados en caliente y en fr\u00edo, tanto abiertos como cerrados, en aceros de baja aleaci\u00f3n y aleaciones especializadas, incluyendo aceros no magn\u00e9ticos, aceros Cr-Ni-Mo-V y aceros de alto cromo para temperaturas de servicio m\u00e1s elevadas.<\/h2>\t\t\t\t<\/div>\n\t\t\t\t<\/div>\n\t\t\t\t<div class=\"elementor-element elementor-element-6662f3e elementor-widget-divider--view-line elementor-widget elementor-widget-divider\" data-id=\"6662f3e\" data-element_type=\"widget\" data-e-type=\"widget\" data-widget_type=\"divider.default\">\n\t\t\t\t<div class=\"elementor-widget-container\">\n\t\t\t\t\t\t\t<div class=\"elementor-divider\">\n\t\t\t<span class=\"elementor-divider-separator\">\n\t\t\t\t\t\t<\/span>\n\t\t<\/div>\n\t\t\t\t\t\t<\/div>\n\t\t\t\t<\/div>\n\t\t\t\t<div class=\"elementor-element elementor-element-7315083 elementor-widget elementor-widget-heading\" data-id=\"7315083\" data-element_type=\"widget\" data-e-type=\"widget\" data-widget_type=\"heading.default\">\n\t\t\t\t<div class=\"elementor-widget-container\">\n\t\t\t\t\t<h3 class=\"elementor-heading-title elementor-size-default\">Nuestras capacidades de mecanizado nos permiten producir ejes estriados y rectificados con una alta precisi\u00f3n dimensional.<\/h3>\t\t\t\t<\/div>\n\t\t\t\t<\/div>\n\t\t\t\t<div class=\"elementor-element elementor-element-18f3569 elementor-widget elementor-widget-text-editor\" data-id=\"18f3569\" data-element_type=\"widget\" data-e-type=\"widget\" data-widget_type=\"text-editor.default\">\n\t\t\t\t<div class=\"elementor-widget-container\">\n\t\t\t\t\t\t\t\t\t<p>El tratamiento t\u00e9rmico es fundamental para alcanzar las propiedades mec\u00e1nicas del eje requerido. API Engineering puede ofrecer una variedad de opciones, como el endurecimiento superficial, la nitruraci\u00f3n, el temple y revenido, la normalizaci\u00f3n y el endurecimiento integral de componentes.<\/p><p>Los tama\u00f1os producidos pueden llegar a 18 metros de longitud con di\u00e1metros de hasta 2 metros. Nuestro peso m\u00e1ximo de forjado es de 150 toneladas.<\/p><p><strong>Capacidades del equipo:<\/strong><\/p>\t\t\t\t\t\t\t\t<\/div>\n\t\t\t\t<\/div>\n\t\t\t\t<section class=\"elementor-section elementor-inner-section elementor-element elementor-element-2414fd7 elementor-section-boxed elementor-section-height-default elementor-section-height-default\" data-id=\"2414fd7\" data-element_type=\"section\" data-e-type=\"section\">\n\t\t\t\t\t\t<div class=\"elementor-container elementor-column-gap-default\">\n\t\t\t\t\t<div class=\"elementor-column elementor-col-33 elementor-inner-column elementor-element elementor-element-e0f5605\" data-id=\"e0f5605\" data-element_type=\"column\" data-e-type=\"column\">\n\t\t\t<div class=\"elementor-widget-wrap elementor-element-populated\">\n\t\t\t\t\t\t<div class=\"elementor-element elementor-element-791e0b7 elementor-icon-list--layout-traditional elementor-list-item-link-full_width elementor-widget elementor-widget-icon-list\" data-id=\"791e0b7\" data-element_type=\"widget\" data-e-type=\"widget\" data-widget_type=\"icon-list.default\">\n\t\t\t\t<div class=\"elementor-widget-container\">\n\t\t\t\t\t\t\t<ul class=\"elementor-icon-list-items\">\n\t\t\t\t\t\t\t<li class=\"elementor-icon-list-item\">\n\t\t\t\t\t\t\t\t\t\t\t<span class=\"elementor-icon-list-icon\">\n\t\t\t\t\t\t\t<i aria-hidden=\"true\" class=\"fas fa-chevron-right\"><\/i>\t\t\t\t\t\t<\/span>\n\t\t\t\t\t\t\t\t\t\t<span class=\"elementor-icon-list-text\">Prensa de forja hidr\u00e1ulica de matriz abierta de 8,500 toneladas<\/span>\n\t\t\t\t\t\t\t\t\t<\/li>\n\t\t\t\t\t\t\t\t<li class=\"elementor-icon-list-item\">\n\t\t\t\t\t\t\t\t\t\t\t<span class=\"elementor-icon-list-icon\">\n\t\t\t\t\t\t\t<i aria-hidden=\"true\" class=\"fas fa-chevron-right\"><\/i>\t\t\t\t\t\t<\/span>\n\t\t\t\t\t\t\t\t\t\t<span class=\"elementor-icon-list-text\">M\u00e1quinas de mandrinado y fresado horizontal<\/span>\n\t\t\t\t\t\t\t\t\t<\/li>\n\t\t\t\t\t\t<\/ul>\n\t\t\t\t\t\t<\/div>\n\t\t\t\t<\/div>\n\t\t\t\t\t<\/div>\n\t\t<\/div>\n\t\t\t\t<div class=\"elementor-column elementor-col-33 elementor-inner-column elementor-element elementor-element-9a53200\" data-id=\"9a53200\" data-element_type=\"column\" data-e-type=\"column\">\n\t\t\t<div class=\"elementor-widget-wrap elementor-element-populated\">\n\t\t\t\t\t\t<div class=\"elementor-element elementor-element-e5cb320 elementor-icon-list--layout-traditional elementor-list-item-link-full_width elementor-widget elementor-widget-icon-list\" data-id=\"e5cb320\" data-element_type=\"widget\" data-e-type=\"widget\" data-widget_type=\"icon-list.default\">\n\t\t\t\t<div class=\"elementor-widget-container\">\n\t\t\t\t\t\t\t<ul class=\"elementor-icon-list-items\">\n\t\t\t\t\t\t\t<li class=\"elementor-icon-list-item\">\n\t\t\t\t\t\t\t\t\t\t\t<span class=\"elementor-icon-list-icon\">\n\t\t\t\t\t\t\t<i aria-hidden=\"true\" class=\"fas fa-chevron-right\"><\/i>\t\t\t\t\t\t<\/span>\n\t\t\t\t\t\t\t\t\t\t<span class=\"elementor-icon-list-text\">Tornos de 8 metros, 10 metros, 14 metros y 20 metros de longitud<\/span>\n\t\t\t\t\t\t\t\t\t<\/li>\n\t\t\t\t\t\t\t\t<li class=\"elementor-icon-list-item\">\n\t\t\t\t\t\t\t\t\t\t\t<span class=\"elementor-icon-list-icon\">\n\t\t\t\t\t\t\t<i aria-hidden=\"true\" class=\"fas fa-chevron-right\"><\/i>\t\t\t\t\t\t<\/span>\n\t\t\t\t\t\t\t\t\t\t<span class=\"elementor-icon-list-text\">M\u00e1quinas de soldadura por proyecci\u00f3n de plasma<\/span>\n\t\t\t\t\t\t\t\t\t<\/li>\n\t\t\t\t\t\t<\/ul>\n\t\t\t\t\t\t<\/div>\n\t\t\t\t<\/div>\n\t\t\t\t\t<\/div>\n\t\t<\/div>\n\t\t\t\t<div class=\"elementor-column elementor-col-33 elementor-inner-column elementor-element elementor-element-df1adb4\" data-id=\"df1adb4\" data-element_type=\"column\" data-e-type=\"column\">\n\t\t\t<div class=\"elementor-widget-wrap elementor-element-populated\">\n\t\t\t\t\t\t<div class=\"elementor-element elementor-element-c638f5f elementor-icon-list--layout-traditional elementor-list-item-link-full_width elementor-widget elementor-widget-icon-list\" data-id=\"c638f5f\" data-element_type=\"widget\" data-e-type=\"widget\" data-widget_type=\"icon-list.default\">\n\t\t\t\t<div class=\"elementor-widget-container\">\n\t\t\t\t\t\t\t<ul class=\"elementor-icon-list-items\">\n\t\t\t\t\t\t\t<li class=\"elementor-icon-list-item\">\n\t\t\t\t\t\t\t\t\t\t\t<span class=\"elementor-icon-list-icon\">\n\t\t\t\t\t\t\t<i aria-hidden=\"true\" class=\"fas fa-chevron-right\"><\/i>\t\t\t\t\t\t<\/span>\n\t\t\t\t\t\t\t\t\t\t<span class=\"elementor-icon-list-text\">Tornos de taladrado y mandrinado de agujeros profundos de 11 metros de profundidad<\/span>\n\t\t\t\t\t\t\t\t\t<\/li>\n\t\t\t\t\t\t<\/ul>\n\t\t\t\t\t\t<\/div>\n\t\t\t\t<\/div>\n\t\t\t\t\t<\/div>\n\t\t<\/div>\n\t\t\t\t\t<\/div>\n\t\t<\/section>\n\t\t\t\t\t<\/div>\n\t\t<\/div>\n\t\t\t\t\t<\/div>\n\t\t<\/section>\n\t\t\t\t<\/div>\n\t\t","protected":false},"excerpt":{"rendered":"<p>Forjados de ejes Grandes API Engineering ha sido durante mucho tiempo un proveedor de ejes&#8230;<\/p>\n","protected":false},"author":2,"featured_media":0,"parent":0,"menu_order":0,"comment_status":"closed","ping_status":"closed","template":"","meta":{"_acf_changed":false,"footnotes":""},"class_list":["post-1146","page","type-page","status-publish","hentry"],"acf":[],"yoast_head":"<!-- This site is optimized with the Yoast SEO plugin v27.3 - https:\/\/yoast.com\/product\/yoast-seo-wordpress\/ -->\n<title>Forjados de ejes Grandes - API Engineering es<\/title>\n<meta name=\"robots\" content=\"index, follow, max-snippet:-1, max-image-preview:large, max-video-preview:-1\" \/>\n<link rel=\"canonical\" href=\"https:\/\/www.api-engineering.com\/es\/large-shaft-forgings\/\" \/>\n<meta property=\"og:locale\" content=\"en_GB\" \/>\n<meta property=\"og:type\" content=\"article\" \/>\n<meta property=\"og:title\" content=\"Forjados de ejes Grandes - API Engineering es\" \/>\n<meta property=\"og:description\" content=\"Forjados de ejes Grandes API Engineering ha sido durante mucho tiempo un proveedor de ejes...\" \/>\n<meta property=\"og:url\" content=\"https:\/\/www.api-engineering.com\/es\/large-shaft-forgings\/\" \/>\n<meta property=\"og:site_name\" content=\"API Engineering es\" \/>\n<meta property=\"article:modified_time\" content=\"2024-01-09T19:57:23+00:00\" \/>\n<meta name=\"twitter:card\" content=\"summary_large_image\" \/>\n<meta name=\"twitter:label1\" content=\"Estimated reading time\" \/>\n\t<meta name=\"twitter:data1\" content=\"1 minute\" \/>\n<script type=\"application\/ld+json\" class=\"yoast-schema-graph\">{\"@context\":\"https:\\\/\\\/schema.org\",\"@graph\":[{\"@type\":\"WebPage\",\"@id\":\"https:\\\/\\\/www.api-engineering.com\\\/es\\\/large-shaft-forgings\\\/\",\"url\":\"https:\\\/\\\/www.api-engineering.com\\\/es\\\/large-shaft-forgings\\\/\",\"name\":\"Forjados de ejes Grandes - API Engineering es\",\"isPartOf\":{\"@id\":\"https:\\\/\\\/www.api-engineering.com\\\/es\\\/#website\"},\"datePublished\":\"2021-08-13T14:15:45+00:00\",\"dateModified\":\"2024-01-09T19:57:23+00:00\",\"breadcrumb\":{\"@id\":\"https:\\\/\\\/www.api-engineering.com\\\/es\\\/large-shaft-forgings\\\/#breadcrumb\"},\"inLanguage\":\"en-GB\",\"potentialAction\":[{\"@type\":\"ReadAction\",\"target\":[\"https:\\\/\\\/www.api-engineering.com\\\/es\\\/large-shaft-forgings\\\/\"]}]},{\"@type\":\"BreadcrumbList\",\"@id\":\"https:\\\/\\\/www.api-engineering.com\\\/es\\\/large-shaft-forgings\\\/#breadcrumb\",\"itemListElement\":[{\"@type\":\"ListItem\",\"position\":1,\"name\":\"Home\",\"item\":\"https:\\\/\\\/www.api-engineering.com\\\/es\\\/\"},{\"@type\":\"ListItem\",\"position\":2,\"name\":\"Forjados de ejes Grandes\"}]},{\"@type\":\"WebSite\",\"@id\":\"https:\\\/\\\/www.api-engineering.com\\\/es\\\/#website\",\"url\":\"https:\\\/\\\/www.api-engineering.com\\\/es\\\/\",\"name\":\"API Engineering es\",\"description\":\"API Engineering supply a diverse range of high quality, low cost components and equipment to the Oil &amp; Gas Sector - both Upstream and Downstream.\",\"potentialAction\":[{\"@type\":\"SearchAction\",\"target\":{\"@type\":\"EntryPoint\",\"urlTemplate\":\"https:\\\/\\\/www.api-engineering.com\\\/es\\\/?s={search_term_string}\"},\"query-input\":{\"@type\":\"PropertyValueSpecification\",\"valueRequired\":true,\"valueName\":\"search_term_string\"}}],\"inLanguage\":\"en-GB\"}]}<\/script>\n<!-- \/ Yoast SEO plugin. -->","yoast_head_json":{"title":"Forjados de ejes Grandes - API Engineering es","robots":{"index":"index","follow":"follow","max-snippet":"max-snippet:-1","max-image-preview":"max-image-preview:large","max-video-preview":"max-video-preview:-1"},"canonical":"https:\/\/www.api-engineering.com\/es\/large-shaft-forgings\/","og_locale":"en_GB","og_type":"article","og_title":"Forjados de ejes Grandes - API Engineering es","og_description":"Forjados de ejes Grandes API Engineering ha sido durante mucho tiempo un proveedor de ejes...","og_url":"https:\/\/www.api-engineering.com\/es\/large-shaft-forgings\/","og_site_name":"API Engineering es","article_modified_time":"2024-01-09T19:57:23+00:00","twitter_card":"summary_large_image","twitter_misc":{"Estimated reading time":"1 minute"},"schema":{"@context":"https:\/\/schema.org","@graph":[{"@type":"WebPage","@id":"https:\/\/www.api-engineering.com\/es\/large-shaft-forgings\/","url":"https:\/\/www.api-engineering.com\/es\/large-shaft-forgings\/","name":"Forjados de ejes Grandes - API Engineering es","isPartOf":{"@id":"https:\/\/www.api-engineering.com\/es\/#website"},"datePublished":"2021-08-13T14:15:45+00:00","dateModified":"2024-01-09T19:57:23+00:00","breadcrumb":{"@id":"https:\/\/www.api-engineering.com\/es\/large-shaft-forgings\/#breadcrumb"},"inLanguage":"en-GB","potentialAction":[{"@type":"ReadAction","target":["https:\/\/www.api-engineering.com\/es\/large-shaft-forgings\/"]}]},{"@type":"BreadcrumbList","@id":"https:\/\/www.api-engineering.com\/es\/large-shaft-forgings\/#breadcrumb","itemListElement":[{"@type":"ListItem","position":1,"name":"Home","item":"https:\/\/www.api-engineering.com\/es\/"},{"@type":"ListItem","position":2,"name":"Forjados de ejes Grandes"}]},{"@type":"WebSite","@id":"https:\/\/www.api-engineering.com\/es\/#website","url":"https:\/\/www.api-engineering.com\/es\/","name":"API Engineering es","description":"API Engineering supply a diverse range of high quality, low cost components and equipment to the Oil &amp; Gas Sector - both Upstream and Downstream.","potentialAction":[{"@type":"SearchAction","target":{"@type":"EntryPoint","urlTemplate":"https:\/\/www.api-engineering.com\/es\/?s={search_term_string}"},"query-input":{"@type":"PropertyValueSpecification","valueRequired":true,"valueName":"search_term_string"}}],"inLanguage":"en-GB"}]}},"_links":{"self":[{"href":"https:\/\/www.api-engineering.com\/es\/wp-json\/wp\/v2\/pages\/1146","targetHints":{"allow":["GET"]}}],"collection":[{"href":"https:\/\/www.api-engineering.com\/es\/wp-json\/wp\/v2\/pages"}],"about":[{"href":"https:\/\/www.api-engineering.com\/es\/wp-json\/wp\/v2\/types\/page"}],"author":[{"embeddable":true,"href":"https:\/\/www.api-engineering.com\/es\/wp-json\/wp\/v2\/users\/2"}],"replies":[{"embeddable":true,"href":"https:\/\/www.api-engineering.com\/es\/wp-json\/wp\/v2\/comments?post=1146"}],"version-history":[{"count":3,"href":"https:\/\/www.api-engineering.com\/es\/wp-json\/wp\/v2\/pages\/1146\/revisions"}],"predecessor-version":[{"id":2576,"href":"https:\/\/www.api-engineering.com\/es\/wp-json\/wp\/v2\/pages\/1146\/revisions\/2576"}],"wp:attachment":[{"href":"https:\/\/www.api-engineering.com\/es\/wp-json\/wp\/v2\/media?parent=1146"}],"curies":[{"name":"wp","href":"https:\/\/api.w.org\/{rel}","templated":true}]}}