{"id":1317,"date":"2022-03-03T16:55:27","date_gmt":"2022-03-03T16:55:27","guid":{"rendered":"http:\/\/drafts.design-vibe.co.uk\/api\/?page_id=1317"},"modified":"2024-01-09T20:03:46","modified_gmt":"2024-01-09T20:03:46","slug":"oil-gas-2-2","status":"publish","type":"page","link":"https:\/\/www.api-engineering.com\/es\/oil-gas-2-2\/","title":{"rendered":"Petr\u00f3leo y Gas"},"content":{"rendered":"\t\t<div data-elementor-type=\"wp-page\" data-elementor-id=\"1317\" class=\"elementor elementor-1317\" data-elementor-post-type=\"page\">\n\t\t\t\t\t\t<section class=\"elementor-section elementor-top-section elementor-element elementor-element-2880a3d elementor-section-height-min-height homeban elementor-section-boxed elementor-section-height-default elementor-section-items-middle\" data-id=\"2880a3d\" data-element_type=\"section\" data-e-type=\"section\" data-settings=\"{&quot;background_background&quot;:&quot;classic&quot;}\">\n\t\t\t\t\t\t\t<div class=\"elementor-background-overlay\"><\/div>\n\t\t\t\t\t\t\t<div class=\"elementor-container elementor-column-gap-default\">\n\t\t\t\t\t<div class=\"elementor-column elementor-col-50 elementor-top-column elementor-element elementor-element-7f13f31\" data-id=\"7f13f31\" data-element_type=\"column\" data-e-type=\"column\">\n\t\t\t<div class=\"elementor-widget-wrap elementor-element-populated\">\n\t\t\t\t\t\t<div class=\"elementor-element elementor-element-8a6391d elementor-widget elementor-widget-heading\" data-id=\"8a6391d\" data-element_type=\"widget\" data-e-type=\"widget\" data-widget_type=\"heading.default\">\n\t\t\t\t<div class=\"elementor-widget-container\">\n\t\t\t\t\t<h1 class=\"elementor-heading-title elementor-size-default\">Petr\u00f3leo y Gas<\/h1>\t\t\t\t<\/div>\n\t\t\t\t<\/div>\n\t\t\t\t<div class=\"elementor-element elementor-element-84c0ec2 elementor-widget elementor-widget-text-editor\" data-id=\"84c0ec2\" data-element_type=\"widget\" data-e-type=\"widget\" data-widget_type=\"text-editor.default\">\n\t\t\t\t<div class=\"elementor-widget-container\">\n\t\t\t\t\t\t\t\t\t<p>API Engineering tiene m\u00e1s de dos d\u00e9cadas de experiencia suministrando equipos y consumibles a la industria del petr\u00f3leo y gas. Nuestras ofertas en los sectores de aguas arriba y aguas abajo permiten a nuestros clientes gestionar los costos en un mercado cada vez m\u00e1s vol\u00e1til.<\/p>\t\t\t\t\t\t\t\t<\/div>\n\t\t\t\t<\/div>\n\t\t\t\t<div class=\"elementor-element elementor-element-0f51f1d elementor-widget elementor-widget-button\" data-id=\"0f51f1d\" data-element_type=\"widget\" data-e-type=\"widget\" data-widget_type=\"button.default\">\n\t\t\t\t<div class=\"elementor-widget-container\">\n\t\t\t\t\t\t\t\t\t<div class=\"elementor-button-wrapper\">\n\t\t\t\t\t<a class=\"elementor-button elementor-button-link elementor-size-md\" href=\"\/es\/contact-us\">\n\t\t\t\t\t\t<span class=\"elementor-button-content-wrapper\">\n\t\t\t\t\t\t\t\t\t<span class=\"elementor-button-text\">Realizar Consulta<\/span>\n\t\t\t\t\t<\/span>\n\t\t\t\t\t<\/a>\n\t\t\t\t<\/div>\n\t\t\t\t\t\t\t\t<\/div>\n\t\t\t\t<\/div>\n\t\t\t\t\t<\/div>\n\t\t<\/div>\n\t\t\t\t<div class=\"elementor-column elementor-col-50 elementor-top-column elementor-element elementor-element-bf7aa36\" data-id=\"bf7aa36\" data-element_type=\"column\" data-e-type=\"column\">\n\t\t\t<div class=\"elementor-widget-wrap\">\n\t\t\t\t\t\t\t<\/div>\n\t\t<\/div>\n\t\t\t\t\t<\/div>\n\t\t<\/section>\n\t\t\t\t<section class=\"elementor-section elementor-top-section elementor-element elementor-element-e238bc8 elementor-section-boxed elementor-section-height-default elementor-section-height-default\" data-id=\"e238bc8\" data-element_type=\"section\" data-e-type=\"section\" data-settings=\"{&quot;background_background&quot;:&quot;classic&quot;}\">\n\t\t\t\t\t\t<div class=\"elementor-container elementor-column-gap-default\">\n\t\t\t\t\t<div class=\"elementor-column elementor-col-100 elementor-top-column elementor-element elementor-element-a3fb0ab\" data-id=\"a3fb0ab\" data-element_type=\"column\" data-e-type=\"column\">\n\t\t\t<div class=\"elementor-widget-wrap elementor-element-populated\">\n\t\t\t\t\t\t<section class=\"elementor-section elementor-inner-section elementor-element elementor-element-e6e2e14 elementor-section-boxed elementor-section-height-default elementor-section-height-default\" data-id=\"e6e2e14\" data-element_type=\"section\" data-e-type=\"section\">\n\t\t\t\t\t\t<div class=\"elementor-container elementor-column-gap-default\">\n\t\t\t\t\t<div class=\"elementor-column elementor-col-100 elementor-inner-column elementor-element elementor-element-77d81e0\" data-id=\"77d81e0\" data-element_type=\"column\" data-e-type=\"column\">\n\t\t\t<div class=\"elementor-widget-wrap elementor-element-populated\">\n\t\t\t\t\t\t<div class=\"elementor-element elementor-element-e22d3c4 elementor-widget elementor-widget-heading\" data-id=\"e22d3c4\" data-element_type=\"widget\" data-e-type=\"widget\" data-widget_type=\"heading.default\">\n\t\t\t\t<div class=\"elementor-widget-container\">\n\t\t\t\t\t<h2 class=\"elementor-heading-title elementor-size-default\">API Engineering cuenta con m\u00e1s de dos d\u00e9cadas de experiencia suministrando equipos y consumibles a la industria del petr\u00f3leo y gas. Nuestras ofertas en los sectores de Aguas Arriba y Aguas Abajo permiten a nuestros clientes gestionar los costos en un mercado cada vez m\u00e1s vol\u00e1til.<\/h2>\t\t\t\t<\/div>\n\t\t\t\t<\/div>\n\t\t\t\t<div class=\"elementor-element elementor-element-7bb684b elementor-widget-divider--view-line elementor-widget elementor-widget-divider\" data-id=\"7bb684b\" data-element_type=\"widget\" data-e-type=\"widget\" data-widget_type=\"divider.default\">\n\t\t\t\t<div class=\"elementor-widget-container\">\n\t\t\t\t\t\t\t<div class=\"elementor-divider\">\n\t\t\t<span class=\"elementor-divider-separator\">\n\t\t\t\t\t\t<\/span>\n\t\t<\/div>\n\t\t\t\t\t\t<\/div>\n\t\t\t\t<\/div>\n\t\t\t\t<div class=\"elementor-element elementor-element-d1ee145 elementor-widget elementor-widget-heading\" data-id=\"d1ee145\" data-element_type=\"widget\" data-e-type=\"widget\" data-widget_type=\"heading.default\">\n\t\t\t\t<div class=\"elementor-widget-container\">\n\t\t\t\t\t<h3 class=\"elementor-heading-title elementor-size-default\">Nuestra gama incluye elementos utilizados en la sarta de perforaci\u00f3n, el sistema de lodo, laboratorios y alojamientos del personal.<\/h3>\t\t\t\t<\/div>\n\t\t\t\t<\/div>\n\t\t\t\t<div class=\"elementor-element elementor-element-8ca9433 elementor-widget elementor-widget-text-editor\" data-id=\"8ca9433\" data-element_type=\"widget\" data-e-type=\"widget\" data-widget_type=\"text-editor.default\">\n\t\t\t\t<div class=\"elementor-widget-container\">\n\t\t\t\t\t\t\t\t\t<p>Nuestra cobertura es global: enviamos a todos los continentes y ofrecemos un servicio log\u00edstico completo hasta su puerta o la plataforma petrol\u00edfera. Cuando es necesario el transporte a\u00e9reo, nos aseguramos de que las piezas est\u00e9n empaquetadas adecuadamente para evitar da\u00f1os durante el env\u00edo.<\/p><p>Nuestros clientes conf\u00edan en nosotros para gestionar sus requisitos de adquisici\u00f3n tanto en Europa como en Am\u00e9rica del Norte, organizando inspecci\u00f3n, consolidaci\u00f3n y env\u00edo directamente a la plataforma petrol\u00edfera o la instalaci\u00f3n seg\u00fan sea necesario. Nuestras instalaciones de almac\u00e9n en Texas, EE. UU., y East Anglia, Reino Unido, manejan miles de env\u00edos al a\u00f1o. Para los art\u00edculos requeridos de fabricantes asi\u00e1ticos, nuestra oficina comercial en China buscar\u00e1, inspeccionar\u00e1 y enviar\u00e1 seg\u00fan sea necesario.<\/p><p>Nuestras estrechas relaciones con fabricantes clave nos permiten ofrecer ahorros a nuestros clientes y plazos de entrega acelerados para piezas hechas a medida.<\/p>\t\t\t\t\t\t\t\t<\/div>\n\t\t\t\t<\/div>\n\t\t\t\t\t<\/div>\n\t\t<\/div>\n\t\t\t\t\t<\/div>\n\t\t<\/section>\n\t\t\t\t<section class=\"elementor-section elementor-inner-section elementor-element elementor-element-775255e elementor-section-full_width prosectors elementor-section-height-default elementor-section-height-default\" data-id=\"775255e\" data-element_type=\"section\" data-e-type=\"section\">\n\t\t\t\t\t\t<div class=\"elementor-container elementor-column-gap-default\">\n\t\t\t\t\t<div class=\"elementor-column elementor-col-50 elementor-inner-column elementor-element elementor-element-219aeed\" data-id=\"219aeed\" data-element_type=\"column\" data-e-type=\"column\">\n\t\t\t<div class=\"elementor-widget-wrap elementor-element-populated\">\n\t\t\t\t\t\t<div class=\"elementor-element elementor-element-ad4f643 elementor-cta--skin-cover elementor-cta--valign-bottom elementor-bg-transform elementor-bg-transform-zoom-in elementor-widget elementor-widget-call-to-action\" data-id=\"ad4f643\" data-element_type=\"widget\" data-e-type=\"widget\" data-widget_type=\"call-to-action.default\">\n\t\t\t\t<div class=\"elementor-widget-container\">\n\t\t\t\t\t\t\t<a class=\"elementor-cta\" href=\"\/es\/upstream-sector\/\">\n\t\t\t\t\t<div class=\"elementor-cta__bg-wrapper\">\n\t\t\t\t<div class=\"elementor-cta__bg elementor-bg\" style=\"background-image: url(https:\/\/www.api-engineering.com\/es\/wp-content\/uploads\/sites\/7\/2022\/05\/oil-gas-new-1024x680.jpg);\" role=\"img\" aria-label=\"oil-gas-new\"><\/div>\n\t\t\t\t<div class=\"elementor-cta__bg-overlay\"><\/div>\n\t\t\t<\/div>\n\t\t\t\t\t\t\t<div class=\"elementor-cta__content\">\n\t\t\t\t\n\t\t\t\t\t\t\t\t\t<h2 class=\"elementor-cta__title elementor-cta__content-item elementor-content-item\">\n\t\t\t\t\t\tSector de Aguas Arriba\t\t\t\t\t<\/h2>\n\t\t\t\t\n\t\t\t\t\n\t\t\t\t\t\t\t<\/div>\n\t\t\t\t\t\t<\/a>\n\t\t\t\t\t\t<\/div>\n\t\t\t\t<\/div>\n\t\t\t\t\t<\/div>\n\t\t<\/div>\n\t\t\t\t<div class=\"elementor-column elementor-col-50 elementor-inner-column elementor-element elementor-element-bce0529\" data-id=\"bce0529\" data-element_type=\"column\" data-e-type=\"column\">\n\t\t\t<div class=\"elementor-widget-wrap elementor-element-populated\">\n\t\t\t\t\t\t<div class=\"elementor-element elementor-element-75ae996 elementor-cta--skin-cover elementor-cta--valign-bottom elementor-bg-transform elementor-bg-transform-zoom-in elementor-widget elementor-widget-call-to-action\" data-id=\"75ae996\" data-element_type=\"widget\" data-e-type=\"widget\" data-widget_type=\"call-to-action.default\">\n\t\t\t\t<div class=\"elementor-widget-container\">\n\t\t\t\t\t\t\t<a class=\"elementor-cta\" href=\"\/es\/downstream-sector\/\">\n\t\t\t\t\t<div class=\"elementor-cta__bg-wrapper\">\n\t\t\t\t<div class=\"elementor-cta__bg elementor-bg\" style=\"background-image: url(https:\/\/www.api-engineering.com\/es\/wp-content\/uploads\/sites\/7\/2022\/05\/downstream-1024x424.jpg);\" role=\"img\" aria-label=\"downstream\"><\/div>\n\t\t\t\t<div class=\"elementor-cta__bg-overlay\"><\/div>\n\t\t\t<\/div>\n\t\t\t\t\t\t\t<div class=\"elementor-cta__content\">\n\t\t\t\t\n\t\t\t\t\t\t\t\t\t<h2 class=\"elementor-cta__title elementor-cta__content-item elementor-content-item\">\n\t\t\t\t\t\tSector de Aguas Abajo\t\t\t\t\t<\/h2>\n\t\t\t\t\n\t\t\t\t\n\t\t\t\t\t\t\t<\/div>\n\t\t\t\t\t\t<\/a>\n\t\t\t\t\t\t<\/div>\n\t\t\t\t<\/div>\n\t\t\t\t\t<\/div>\n\t\t<\/div>\n\t\t\t\t\t<\/div>\n\t\t<\/section>\n\t\t\t\t\t<\/div>\n\t\t<\/div>\n\t\t\t\t\t<\/div>\n\t\t<\/section>\n\t\t\t\t<\/div>\n\t\t","protected":false},"excerpt":{"rendered":"<p>Petr\u00f3leo y Gas API Engineering tiene m\u00e1s de dos d\u00e9cadas de experiencia suministrando equipos y&#8230;<\/p>\n","protected":false},"author":2,"featured_media":0,"parent":0,"menu_order":0,"comment_status":"closed","ping_status":"closed","template":"","meta":{"_acf_changed":false,"footnotes":""},"class_list":["post-1317","page","type-page","status-publish","hentry"],"acf":[],"yoast_head":"<!-- This site is optimized with the Yoast SEO plugin v27.4 - https:\/\/yoast.com\/product\/yoast-seo-wordpress\/ -->\n<title>Petr\u00f3leo y Gas - API Engineering es<\/title>\n<meta name=\"robots\" content=\"index, follow, max-snippet:-1, max-image-preview:large, max-video-preview:-1\" \/>\n<link rel=\"canonical\" href=\"https:\/\/www.api-engineering.com\/es\/oil-gas-2-2\/\" \/>\n<meta property=\"og:locale\" content=\"en_GB\" \/>\n<meta property=\"og:type\" content=\"article\" \/>\n<meta property=\"og:title\" content=\"Petr\u00f3leo y Gas - API Engineering es\" \/>\n<meta property=\"og:description\" content=\"Petr\u00f3leo y Gas API Engineering tiene m\u00e1s de dos d\u00e9cadas de experiencia suministrando equipos y...\" \/>\n<meta property=\"og:url\" content=\"https:\/\/www.api-engineering.com\/es\/oil-gas-2-2\/\" \/>\n<meta property=\"og:site_name\" content=\"API Engineering es\" \/>\n<meta property=\"article:modified_time\" content=\"2024-01-09T20:03:46+00:00\" \/>\n<meta name=\"twitter:card\" content=\"summary_large_image\" \/>\n<meta name=\"twitter:label1\" content=\"Estimated reading time\" \/>\n\t<meta name=\"twitter:data1\" content=\"2 minutes\" \/>\n<script type=\"application\/ld+json\" class=\"yoast-schema-graph\">{\"@context\":\"https:\\\/\\\/schema.org\",\"@graph\":[{\"@type\":\"WebPage\",\"@id\":\"https:\\\/\\\/www.api-engineering.com\\\/es\\\/oil-gas-2-2\\\/\",\"url\":\"https:\\\/\\\/www.api-engineering.com\\\/es\\\/oil-gas-2-2\\\/\",\"name\":\"Petr\u00f3leo y Gas - API Engineering es\",\"isPartOf\":{\"@id\":\"https:\\\/\\\/www.api-engineering.com\\\/es\\\/#website\"},\"datePublished\":\"2022-03-03T16:55:27+00:00\",\"dateModified\":\"2024-01-09T20:03:46+00:00\",\"breadcrumb\":{\"@id\":\"https:\\\/\\\/www.api-engineering.com\\\/es\\\/oil-gas-2-2\\\/#breadcrumb\"},\"inLanguage\":\"en-GB\",\"potentialAction\":[{\"@type\":\"ReadAction\",\"target\":[\"https:\\\/\\\/www.api-engineering.com\\\/es\\\/oil-gas-2-2\\\/\"]}]},{\"@type\":\"BreadcrumbList\",\"@id\":\"https:\\\/\\\/www.api-engineering.com\\\/es\\\/oil-gas-2-2\\\/#breadcrumb\",\"itemListElement\":[{\"@type\":\"ListItem\",\"position\":1,\"name\":\"Home\",\"item\":\"https:\\\/\\\/www.api-engineering.com\\\/es\\\/\"},{\"@type\":\"ListItem\",\"position\":2,\"name\":\"Petr\u00f3leo y Gas\"}]},{\"@type\":\"WebSite\",\"@id\":\"https:\\\/\\\/www.api-engineering.com\\\/es\\\/#website\",\"url\":\"https:\\\/\\\/www.api-engineering.com\\\/es\\\/\",\"name\":\"API Engineering es\",\"description\":\"API Engineering supply a diverse range of high quality, low cost components and equipment to the Oil &amp; Gas Sector - both Upstream and Downstream.\",\"potentialAction\":[{\"@type\":\"SearchAction\",\"target\":{\"@type\":\"EntryPoint\",\"urlTemplate\":\"https:\\\/\\\/www.api-engineering.com\\\/es\\\/?s={search_term_string}\"},\"query-input\":{\"@type\":\"PropertyValueSpecification\",\"valueRequired\":true,\"valueName\":\"search_term_string\"}}],\"inLanguage\":\"en-GB\"}]}<\/script>\n<!-- \/ Yoast SEO plugin. -->","yoast_head_json":{"title":"Petr\u00f3leo y Gas - API Engineering es","robots":{"index":"index","follow":"follow","max-snippet":"max-snippet:-1","max-image-preview":"max-image-preview:large","max-video-preview":"max-video-preview:-1"},"canonical":"https:\/\/www.api-engineering.com\/es\/oil-gas-2-2\/","og_locale":"en_GB","og_type":"article","og_title":"Petr\u00f3leo y Gas - API Engineering es","og_description":"Petr\u00f3leo y Gas API Engineering tiene m\u00e1s de dos d\u00e9cadas de experiencia suministrando equipos y...","og_url":"https:\/\/www.api-engineering.com\/es\/oil-gas-2-2\/","og_site_name":"API Engineering es","article_modified_time":"2024-01-09T20:03:46+00:00","twitter_card":"summary_large_image","twitter_misc":{"Estimated reading time":"2 minutes"},"schema":{"@context":"https:\/\/schema.org","@graph":[{"@type":"WebPage","@id":"https:\/\/www.api-engineering.com\/es\/oil-gas-2-2\/","url":"https:\/\/www.api-engineering.com\/es\/oil-gas-2-2\/","name":"Petr\u00f3leo y Gas - API Engineering es","isPartOf":{"@id":"https:\/\/www.api-engineering.com\/es\/#website"},"datePublished":"2022-03-03T16:55:27+00:00","dateModified":"2024-01-09T20:03:46+00:00","breadcrumb":{"@id":"https:\/\/www.api-engineering.com\/es\/oil-gas-2-2\/#breadcrumb"},"inLanguage":"en-GB","potentialAction":[{"@type":"ReadAction","target":["https:\/\/www.api-engineering.com\/es\/oil-gas-2-2\/"]}]},{"@type":"BreadcrumbList","@id":"https:\/\/www.api-engineering.com\/es\/oil-gas-2-2\/#breadcrumb","itemListElement":[{"@type":"ListItem","position":1,"name":"Home","item":"https:\/\/www.api-engineering.com\/es\/"},{"@type":"ListItem","position":2,"name":"Petr\u00f3leo y Gas"}]},{"@type":"WebSite","@id":"https:\/\/www.api-engineering.com\/es\/#website","url":"https:\/\/www.api-engineering.com\/es\/","name":"API Engineering es","description":"API Engineering supply a diverse range of high quality, low cost components and equipment to the Oil &amp; Gas Sector - both Upstream and Downstream.","potentialAction":[{"@type":"SearchAction","target":{"@type":"EntryPoint","urlTemplate":"https:\/\/www.api-engineering.com\/es\/?s={search_term_string}"},"query-input":{"@type":"PropertyValueSpecification","valueRequired":true,"valueName":"search_term_string"}}],"inLanguage":"en-GB"}]}},"_links":{"self":[{"href":"https:\/\/www.api-engineering.com\/es\/wp-json\/wp\/v2\/pages\/1317","targetHints":{"allow":["GET"]}}],"collection":[{"href":"https:\/\/www.api-engineering.com\/es\/wp-json\/wp\/v2\/pages"}],"about":[{"href":"https:\/\/www.api-engineering.com\/es\/wp-json\/wp\/v2\/types\/page"}],"author":[{"embeddable":true,"href":"https:\/\/www.api-engineering.com\/es\/wp-json\/wp\/v2\/users\/2"}],"replies":[{"embeddable":true,"href":"https:\/\/www.api-engineering.com\/es\/wp-json\/wp\/v2\/comments?post=1317"}],"version-history":[{"count":3,"href":"https:\/\/www.api-engineering.com\/es\/wp-json\/wp\/v2\/pages\/1317\/revisions"}],"predecessor-version":[{"id":2612,"href":"https:\/\/www.api-engineering.com\/es\/wp-json\/wp\/v2\/pages\/1317\/revisions\/2612"}],"wp:attachment":[{"href":"https:\/\/www.api-engineering.com\/es\/wp-json\/wp\/v2\/media?parent=1317"}],"curies":[{"name":"wp","href":"https:\/\/api.w.org\/{rel}","templated":true}]}}