{"id":1354,"date":"2022-03-03T17:44:00","date_gmt":"2022-03-03T17:44:00","guid":{"rendered":"http:\/\/drafts.design-vibe.co.uk\/api\/?page_id=1354"},"modified":"2024-06-18T14:47:38","modified_gmt":"2024-06-18T13:47:38","slug":"qms-iso-9001","status":"publish","type":"page","link":"https:\/\/www.api-engineering.com\/es\/qms-iso-9001\/","title":{"rendered":"QMS &#8211; ISO 9001"},"content":{"rendered":"\t\t<div data-elementor-type=\"wp-page\" data-elementor-id=\"1354\" class=\"elementor elementor-1354\" data-elementor-post-type=\"page\">\n\t\t\t\t\t\t<section class=\"elementor-section elementor-top-section elementor-element elementor-element-2880a3d elementor-section-height-min-height homeban elementor-section-boxed elementor-section-height-default elementor-section-items-middle\" data-id=\"2880a3d\" data-element_type=\"section\" data-e-type=\"section\" data-settings=\"{&quot;background_background&quot;:&quot;classic&quot;}\">\n\t\t\t\t\t\t\t<div class=\"elementor-background-overlay\"><\/div>\n\t\t\t\t\t\t\t<div class=\"elementor-container elementor-column-gap-default\">\n\t\t\t\t\t<div class=\"elementor-column elementor-col-50 elementor-top-column elementor-element elementor-element-7f13f31\" data-id=\"7f13f31\" data-element_type=\"column\" data-e-type=\"column\">\n\t\t\t<div class=\"elementor-widget-wrap elementor-element-populated\">\n\t\t\t\t\t\t<div class=\"elementor-element elementor-element-8a6391d elementor-widget elementor-widget-heading\" data-id=\"8a6391d\" data-element_type=\"widget\" data-e-type=\"widget\" data-widget_type=\"heading.default\">\n\t\t\t\t<div class=\"elementor-widget-container\">\n\t\t\t\t\t<h1 class=\"elementor-heading-title elementor-size-default\">QMS - ISO 9001<\/h1>\t\t\t\t<\/div>\n\t\t\t\t<\/div>\n\t\t\t\t<div class=\"elementor-element elementor-element-84c0ec2 elementor-widget elementor-widget-text-editor\" data-id=\"84c0ec2\" data-element_type=\"widget\" data-e-type=\"widget\" data-widget_type=\"text-editor.default\">\n\t\t\t\t<div class=\"elementor-widget-container\">\n\t\t\t\t\t\t\t\t\t<p>La certificaci\u00f3n ISO 9001 es una norma internacional que especifica requisitos para un sistema de gesti\u00f3n de calidad (SGC) y se utiliza para demostrar la capacidad de proporcionar de manera consistente productos y servicios que cumplan con los requisitos de nuestros clientes y regulaciones.<\/p>\t\t\t\t\t\t\t\t<\/div>\n\t\t\t\t<\/div>\n\t\t\t\t<div class=\"elementor-element elementor-element-0f51f1d elementor-widget elementor-widget-button\" data-id=\"0f51f1d\" data-element_type=\"widget\" data-e-type=\"widget\" data-widget_type=\"button.default\">\n\t\t\t\t<div class=\"elementor-widget-container\">\n\t\t\t\t\t\t\t\t\t<div class=\"elementor-button-wrapper\">\n\t\t\t\t\t<a class=\"elementor-button elementor-button-link elementor-size-md\" href=\"\/es\/contact-us\">\n\t\t\t\t\t\t<span class=\"elementor-button-content-wrapper\">\n\t\t\t\t\t\t\t\t\t<span class=\"elementor-button-text\">Realizar Consulta<\/span>\n\t\t\t\t\t<\/span>\n\t\t\t\t\t<\/a>\n\t\t\t\t<\/div>\n\t\t\t\t\t\t\t\t<\/div>\n\t\t\t\t<\/div>\n\t\t\t\t\t<\/div>\n\t\t<\/div>\n\t\t\t\t<div class=\"elementor-column elementor-col-50 elementor-top-column elementor-element elementor-element-bf7aa36\" data-id=\"bf7aa36\" data-element_type=\"column\" data-e-type=\"column\">\n\t\t\t<div class=\"elementor-widget-wrap\">\n\t\t\t\t\t\t\t<\/div>\n\t\t<\/div>\n\t\t\t\t\t<\/div>\n\t\t<\/section>\n\t\t\t\t<section class=\"elementor-section elementor-top-section elementor-element elementor-element-e238bc8 elementor-section-boxed elementor-section-height-default elementor-section-height-default\" data-id=\"e238bc8\" data-element_type=\"section\" data-e-type=\"section\" data-settings=\"{&quot;background_background&quot;:&quot;classic&quot;}\">\n\t\t\t\t\t\t<div class=\"elementor-container elementor-column-gap-default\">\n\t\t\t\t\t<div class=\"elementor-column elementor-col-100 elementor-top-column elementor-element elementor-element-a3fb0ab\" data-id=\"a3fb0ab\" data-element_type=\"column\" data-e-type=\"column\">\n\t\t\t<div class=\"elementor-widget-wrap elementor-element-populated\">\n\t\t\t\t\t\t<div class=\"elementor-element elementor-element-e742d90 elementor-widget elementor-widget-heading\" data-id=\"e742d90\" data-element_type=\"widget\" data-e-type=\"widget\" data-widget_type=\"heading.default\">\n\t\t\t\t<div class=\"elementor-widget-container\">\n\t\t\t\t\t<h3 class=\"elementor-heading-title elementor-size-default\">API Engineering ha estado certificada bajo ISO 9001 desde 2015, con la certificaci\u00f3n otorgada de manera constante por Alcumus ISOQAR, un organismo de certificaci\u00f3n acreditado por UKAS en el Reino Unido con experiencia en calidad para la ingenier\u00eda y la gesti\u00f3n de la cadena de suministro.<\/h3>\t\t\t\t<\/div>\n\t\t\t\t<\/div>\n\t\t\t\t<div class=\"elementor-element elementor-element-ef46b46 elementor-widget-divider--view-line elementor-widget elementor-widget-divider\" data-id=\"ef46b46\" data-element_type=\"widget\" data-e-type=\"widget\" data-widget_type=\"divider.default\">\n\t\t\t\t<div class=\"elementor-widget-container\">\n\t\t\t\t\t\t\t<div class=\"elementor-divider\">\n\t\t\t<span class=\"elementor-divider-separator\">\n\t\t\t\t\t\t<\/span>\n\t\t<\/div>\n\t\t\t\t\t\t<\/div>\n\t\t\t\t<\/div>\n\t\t\t\t<div class=\"elementor-element elementor-element-db6cebe elementor-widget elementor-widget-image\" data-id=\"db6cebe\" data-element_type=\"widget\" data-e-type=\"widget\" data-widget_type=\"image.default\">\n\t\t\t\t<div class=\"elementor-widget-container\">\n\t\t\t\t\t\t\t\t\t\t\t\t\t\t\t\t<a href=\"https:\/\/www.api-engineering.com\/es\/wp-content\/uploads\/sites\/7\/2024\/06\/13536-Headline-A.P.I.-Engineering-Limited.pdf\">\n\t\t\t\t\t\t\t<img fetchpriority=\"high\" decoding=\"async\" width=\"300\" height=\"194\" src=\"https:\/\/www.api-engineering.com\/es\/wp-content\/uploads\/sites\/7\/2023\/01\/UKAS-ISOQAR-Mark-cl-27_CMYK-300x194.jpg\" class=\"attachment-medium size-medium wp-image-1970\" alt=\"\" srcset=\"https:\/\/www.api-engineering.com\/es\/wp-content\/uploads\/sites\/7\/2023\/01\/UKAS-ISOQAR-Mark-cl-27_CMYK-300x194.jpg 300w, https:\/\/www.api-engineering.com\/es\/wp-content\/uploads\/sites\/7\/2023\/01\/UKAS-ISOQAR-Mark-cl-27_CMYK-1024x662.jpg 1024w, https:\/\/www.api-engineering.com\/es\/wp-content\/uploads\/sites\/7\/2023\/01\/UKAS-ISOQAR-Mark-cl-27_CMYK-768x496.jpg 768w, https:\/\/www.api-engineering.com\/es\/wp-content\/uploads\/sites\/7\/2023\/01\/UKAS-ISOQAR-Mark-cl-27_CMYK-1536x993.jpg 1536w, https:\/\/www.api-engineering.com\/es\/wp-content\/uploads\/sites\/7\/2023\/01\/UKAS-ISOQAR-Mark-cl-27_CMYK-2048x1324.jpg 2048w\" sizes=\"(max-width: 300px) 100vw, 300px\" \/>\t\t\t\t\t\t\t\t<\/a>\n\t\t\t\t\t\t\t\t\t\t\t\t\t\t\t<\/div>\n\t\t\t\t<\/div>\n\t\t\t\t<div class=\"elementor-element elementor-element-18f3569 elementor-widget elementor-widget-text-editor\" data-id=\"18f3569\" data-element_type=\"widget\" data-e-type=\"widget\" data-widget_type=\"text-editor.default\">\n\t\t\t\t<div class=\"elementor-widget-container\">\n\t\t\t\t\t\t\t\t\t<p>Para lograr la certificaci\u00f3n, se utiliza un sistema de gesti\u00f3n de calidad basado en procesos, asegurando eficiencia y proporcionando el mayor valor posible a los clientes.<\/p><p>Todos nuestros clientes requieren y merecen productos y servicios de la m\u00e1s alta calidad. Al obtener y mantener de manera constante esta certificaci\u00f3n, nuestros clientes pueden estar seguros de que API Engineering puede cumplir y superar sus expectativas. La certificaci\u00f3n demuestra los esfuerzos continuos de API Engineering por mejorar y refleja la inversi\u00f3n constante en tecnolog\u00eda, desarrollo y madurez de procesos que la empresa est\u00e1 realizando.<\/p><p>Esta acreditaci\u00f3n se encuentra en su quinta iteraci\u00f3n y API Engineering contin\u00faa cumpliendo con los estrictos criterios de Gesti\u00f3n de Calidad establecidos por la norma.<\/p><p>El viaje de API Engineering hacia la obtenci\u00f3n de la certificaci\u00f3n ISO 9001 comenz\u00f3 en junio de 2014. El proceso de registro requiri\u00f3 los esfuerzos combinados de todos los empleados de API Engineering; la comunicaci\u00f3n efectiva y la capacitaci\u00f3n adecuada fueron clave para una implementaci\u00f3n exitosa. El resultado es una garant\u00eda de que toda la organizaci\u00f3n trabaja de acuerdo con los procedimientos de la empresa, que han obtenido el estatus de un Sistema de Gesti\u00f3n de Calidad certificado ISO.<\/p><p>Continuamos participando en auditor\u00edas externas anuales y realizamos auditor\u00edas internas dos veces al a\u00f1o. Esto garantiza que se cumplan y superen las expectativas establecidas por la \u00faltima norma ISO 9001. El logro repetido es motivo de gran orgullo, ya que demuestra un compromiso de proporcionar el m\u00e1s alto nivel de calidad a nuestros clientes d\u00eda tras d\u00eda, a\u00f1o tras a\u00f1o.<\/p>\t\t\t\t\t\t\t\t<\/div>\n\t\t\t\t<\/div>\n\t\t\t\t\t<\/div>\n\t\t<\/div>\n\t\t\t\t\t<\/div>\n\t\t<\/section>\n\t\t\t\t<\/div>\n\t\t","protected":false},"excerpt":{"rendered":"<p>QMS &#8211; ISO 9001 La certificaci\u00f3n ISO 9001 es una norma internacional que especifica requisitos&#8230;<\/p>\n","protected":false},"author":2,"featured_media":0,"parent":0,"menu_order":0,"comment_status":"closed","ping_status":"closed","template":"","meta":{"_acf_changed":false,"footnotes":""},"class_list":["post-1354","page","type-page","status-publish","hentry"],"acf":[],"yoast_head":"<!-- This site is optimized with the Yoast SEO plugin v27.3 - https:\/\/yoast.com\/product\/yoast-seo-wordpress\/ -->\n<title>QMS - ISO 9001 - API Engineering es<\/title>\n<meta name=\"robots\" content=\"index, follow, max-snippet:-1, max-image-preview:large, max-video-preview:-1\" \/>\n<link rel=\"canonical\" href=\"https:\/\/www.api-engineering.com\/es\/qms-iso-9001\/\" \/>\n<meta property=\"og:locale\" content=\"en_GB\" \/>\n<meta property=\"og:type\" content=\"article\" \/>\n<meta property=\"og:title\" content=\"QMS - ISO 9001 - API Engineering es\" \/>\n<meta property=\"og:description\" content=\"QMS &#8211; ISO 9001 La certificaci\u00f3n ISO 9001 es una norma internacional que especifica requisitos...\" \/>\n<meta property=\"og:url\" content=\"https:\/\/www.api-engineering.com\/es\/qms-iso-9001\/\" \/>\n<meta property=\"og:site_name\" content=\"API Engineering es\" \/>\n<meta property=\"article:modified_time\" content=\"2024-06-18T13:47:38+00:00\" \/>\n<meta property=\"og:image\" content=\"https:\/\/www.api-engineering.com\/es\/wp-content\/uploads\/sites\/7\/2023\/01\/UKAS-ISOQAR-Mark-cl-27_CMYK-300x194.jpg\" \/>\n<meta name=\"twitter:card\" content=\"summary_large_image\" \/>\n<meta name=\"twitter:label1\" content=\"Estimated reading time\" \/>\n\t<meta name=\"twitter:data1\" content=\"2 minutes\" \/>\n<script type=\"application\/ld+json\" class=\"yoast-schema-graph\">{\"@context\":\"https:\\\/\\\/schema.org\",\"@graph\":[{\"@type\":\"WebPage\",\"@id\":\"https:\\\/\\\/www.api-engineering.com\\\/es\\\/qms-iso-9001\\\/\",\"url\":\"https:\\\/\\\/www.api-engineering.com\\\/es\\\/qms-iso-9001\\\/\",\"name\":\"QMS - ISO 9001 - API Engineering es\",\"isPartOf\":{\"@id\":\"https:\\\/\\\/www.api-engineering.com\\\/es\\\/#website\"},\"primaryImageOfPage\":{\"@id\":\"https:\\\/\\\/www.api-engineering.com\\\/es\\\/qms-iso-9001\\\/#primaryimage\"},\"image\":{\"@id\":\"https:\\\/\\\/www.api-engineering.com\\\/es\\\/qms-iso-9001\\\/#primaryimage\"},\"thumbnailUrl\":\"https:\\\/\\\/www.api-engineering.com\\\/es\\\/wp-content\\\/uploads\\\/sites\\\/7\\\/2023\\\/01\\\/UKAS-ISOQAR-Mark-cl-27_CMYK-300x194.jpg\",\"datePublished\":\"2022-03-03T17:44:00+00:00\",\"dateModified\":\"2024-06-18T13:47:38+00:00\",\"breadcrumb\":{\"@id\":\"https:\\\/\\\/www.api-engineering.com\\\/es\\\/qms-iso-9001\\\/#breadcrumb\"},\"inLanguage\":\"en-GB\",\"potentialAction\":[{\"@type\":\"ReadAction\",\"target\":[\"https:\\\/\\\/www.api-engineering.com\\\/es\\\/qms-iso-9001\\\/\"]}]},{\"@type\":\"ImageObject\",\"inLanguage\":\"en-GB\",\"@id\":\"https:\\\/\\\/www.api-engineering.com\\\/es\\\/qms-iso-9001\\\/#primaryimage\",\"url\":\"https:\\\/\\\/www.api-engineering.com\\\/es\\\/wp-content\\\/uploads\\\/sites\\\/7\\\/2023\\\/01\\\/UKAS-ISOQAR-Mark-cl-27_CMYK-300x194.jpg\",\"contentUrl\":\"https:\\\/\\\/www.api-engineering.com\\\/es\\\/wp-content\\\/uploads\\\/sites\\\/7\\\/2023\\\/01\\\/UKAS-ISOQAR-Mark-cl-27_CMYK-300x194.jpg\"},{\"@type\":\"BreadcrumbList\",\"@id\":\"https:\\\/\\\/www.api-engineering.com\\\/es\\\/qms-iso-9001\\\/#breadcrumb\",\"itemListElement\":[{\"@type\":\"ListItem\",\"position\":1,\"name\":\"Home\",\"item\":\"https:\\\/\\\/www.api-engineering.com\\\/es\\\/\"},{\"@type\":\"ListItem\",\"position\":2,\"name\":\"QMS &#8211; ISO 9001\"}]},{\"@type\":\"WebSite\",\"@id\":\"https:\\\/\\\/www.api-engineering.com\\\/es\\\/#website\",\"url\":\"https:\\\/\\\/www.api-engineering.com\\\/es\\\/\",\"name\":\"API Engineering es\",\"description\":\"API Engineering supply a diverse range of high quality, low cost components and equipment to the Oil &amp; Gas Sector - both Upstream and Downstream.\",\"potentialAction\":[{\"@type\":\"SearchAction\",\"target\":{\"@type\":\"EntryPoint\",\"urlTemplate\":\"https:\\\/\\\/www.api-engineering.com\\\/es\\\/?s={search_term_string}\"},\"query-input\":{\"@type\":\"PropertyValueSpecification\",\"valueRequired\":true,\"valueName\":\"search_term_string\"}}],\"inLanguage\":\"en-GB\"}]}<\/script>\n<!-- \/ Yoast SEO plugin. -->","yoast_head_json":{"title":"QMS - ISO 9001 - API Engineering es","robots":{"index":"index","follow":"follow","max-snippet":"max-snippet:-1","max-image-preview":"max-image-preview:large","max-video-preview":"max-video-preview:-1"},"canonical":"https:\/\/www.api-engineering.com\/es\/qms-iso-9001\/","og_locale":"en_GB","og_type":"article","og_title":"QMS - ISO 9001 - API Engineering es","og_description":"QMS &#8211; ISO 9001 La certificaci\u00f3n ISO 9001 es una norma internacional que especifica requisitos...","og_url":"https:\/\/www.api-engineering.com\/es\/qms-iso-9001\/","og_site_name":"API Engineering es","article_modified_time":"2024-06-18T13:47:38+00:00","og_image":[{"url":"https:\/\/www.api-engineering.com\/es\/wp-content\/uploads\/sites\/7\/2023\/01\/UKAS-ISOQAR-Mark-cl-27_CMYK-300x194.jpg","type":"","width":"","height":""}],"twitter_card":"summary_large_image","twitter_misc":{"Estimated reading time":"2 minutes"},"schema":{"@context":"https:\/\/schema.org","@graph":[{"@type":"WebPage","@id":"https:\/\/www.api-engineering.com\/es\/qms-iso-9001\/","url":"https:\/\/www.api-engineering.com\/es\/qms-iso-9001\/","name":"QMS - ISO 9001 - API Engineering es","isPartOf":{"@id":"https:\/\/www.api-engineering.com\/es\/#website"},"primaryImageOfPage":{"@id":"https:\/\/www.api-engineering.com\/es\/qms-iso-9001\/#primaryimage"},"image":{"@id":"https:\/\/www.api-engineering.com\/es\/qms-iso-9001\/#primaryimage"},"thumbnailUrl":"https:\/\/www.api-engineering.com\/es\/wp-content\/uploads\/sites\/7\/2023\/01\/UKAS-ISOQAR-Mark-cl-27_CMYK-300x194.jpg","datePublished":"2022-03-03T17:44:00+00:00","dateModified":"2024-06-18T13:47:38+00:00","breadcrumb":{"@id":"https:\/\/www.api-engineering.com\/es\/qms-iso-9001\/#breadcrumb"},"inLanguage":"en-GB","potentialAction":[{"@type":"ReadAction","target":["https:\/\/www.api-engineering.com\/es\/qms-iso-9001\/"]}]},{"@type":"ImageObject","inLanguage":"en-GB","@id":"https:\/\/www.api-engineering.com\/es\/qms-iso-9001\/#primaryimage","url":"https:\/\/www.api-engineering.com\/es\/wp-content\/uploads\/sites\/7\/2023\/01\/UKAS-ISOQAR-Mark-cl-27_CMYK-300x194.jpg","contentUrl":"https:\/\/www.api-engineering.com\/es\/wp-content\/uploads\/sites\/7\/2023\/01\/UKAS-ISOQAR-Mark-cl-27_CMYK-300x194.jpg"},{"@type":"BreadcrumbList","@id":"https:\/\/www.api-engineering.com\/es\/qms-iso-9001\/#breadcrumb","itemListElement":[{"@type":"ListItem","position":1,"name":"Home","item":"https:\/\/www.api-engineering.com\/es\/"},{"@type":"ListItem","position":2,"name":"QMS &#8211; ISO 9001"}]},{"@type":"WebSite","@id":"https:\/\/www.api-engineering.com\/es\/#website","url":"https:\/\/www.api-engineering.com\/es\/","name":"API Engineering es","description":"API Engineering supply a diverse range of high quality, low cost components and equipment to the Oil &amp; Gas Sector - both Upstream and Downstream.","potentialAction":[{"@type":"SearchAction","target":{"@type":"EntryPoint","urlTemplate":"https:\/\/www.api-engineering.com\/es\/?s={search_term_string}"},"query-input":{"@type":"PropertyValueSpecification","valueRequired":true,"valueName":"search_term_string"}}],"inLanguage":"en-GB"}]}},"_links":{"self":[{"href":"https:\/\/www.api-engineering.com\/es\/wp-json\/wp\/v2\/pages\/1354","targetHints":{"allow":["GET"]}}],"collection":[{"href":"https:\/\/www.api-engineering.com\/es\/wp-json\/wp\/v2\/pages"}],"about":[{"href":"https:\/\/www.api-engineering.com\/es\/wp-json\/wp\/v2\/types\/page"}],"author":[{"embeddable":true,"href":"https:\/\/www.api-engineering.com\/es\/wp-json\/wp\/v2\/users\/2"}],"replies":[{"embeddable":true,"href":"https:\/\/www.api-engineering.com\/es\/wp-json\/wp\/v2\/comments?post=1354"}],"version-history":[{"count":6,"href":"https:\/\/www.api-engineering.com\/es\/wp-json\/wp\/v2\/pages\/1354\/revisions"}],"predecessor-version":[{"id":2682,"href":"https:\/\/www.api-engineering.com\/es\/wp-json\/wp\/v2\/pages\/1354\/revisions\/2682"}],"wp:attachment":[{"href":"https:\/\/www.api-engineering.com\/es\/wp-json\/wp\/v2\/media?parent=1354"}],"curies":[{"name":"wp","href":"https:\/\/api.w.org\/{rel}","templated":true}]}}