{"id":1060,"date":"2021-08-12T12:32:18","date_gmt":"2021-08-12T11:32:18","guid":{"rendered":"http:\/\/drafts.design-vibe.co.uk\/api\/?page_id=1060"},"modified":"2024-02-13T13:47:59","modified_gmt":"2024-02-13T13:47:59","slug":"steel-mill","status":"publish","type":"page","link":"https:\/\/www.api-engineering.com\/fr\/steel-mill\/","title":{"rendered":"Acierie"},"content":{"rendered":"\t\t<div data-elementor-type=\"wp-page\" data-elementor-id=\"1060\" class=\"elementor elementor-1060\" data-elementor-post-type=\"page\">\n\t\t\t\t\t\t<section class=\"elementor-section elementor-top-section elementor-element elementor-element-2880a3d elementor-section-height-min-height homeban elementor-section-boxed elementor-section-height-default elementor-section-items-middle\" data-id=\"2880a3d\" data-element_type=\"section\" data-e-type=\"section\" data-settings=\"{&quot;background_background&quot;:&quot;classic&quot;}\">\n\t\t\t\t\t\t\t<div class=\"elementor-background-overlay\"><\/div>\n\t\t\t\t\t\t\t<div class=\"elementor-container elementor-column-gap-default\">\n\t\t\t\t\t<div class=\"elementor-column elementor-col-50 elementor-top-column elementor-element elementor-element-7f13f31\" data-id=\"7f13f31\" data-element_type=\"column\" data-e-type=\"column\">\n\t\t\t<div class=\"elementor-widget-wrap elementor-element-populated\">\n\t\t\t\t\t\t<div class=\"elementor-element elementor-element-8a6391d elementor-widget elementor-widget-heading\" data-id=\"8a6391d\" data-element_type=\"widget\" data-e-type=\"widget\" data-widget_type=\"heading.default\">\n\t\t\t\t<div class=\"elementor-widget-container\">\n\t\t\t\t\t<h1 class=\"elementor-heading-title elementor-size-default\">Acierie<\/h1>\t\t\t\t<\/div>\n\t\t\t\t<\/div>\n\t\t\t\t<div class=\"elementor-element elementor-element-84c0ec2 elementor-widget elementor-widget-text-editor\" data-id=\"84c0ec2\" data-element_type=\"widget\" data-e-type=\"widget\" data-widget_type=\"text-editor.default\">\n\t\t\t\t<div class=\"elementor-widget-container\">\n\t\t\t\t\t\t\t\t\t<p>API Engineering peut sp\u00e9cifier, fournir et prendre en charge l&#8217;\u00e9quipement capital, l&#8217;outillage et les pi\u00e8ces de rechange pour l&#8217;ensemble de la gamme des installations de fabrication et de traitement de l&#8217;acier, ainsi que l&#8217;infrastructure associ\u00e9e \u00e0 l&#8217;usine.<\/p>\t\t\t\t\t\t\t\t<\/div>\n\t\t\t\t<\/div>\n\t\t\t\t<div class=\"elementor-element elementor-element-0f51f1d elementor-widget elementor-widget-button\" data-id=\"0f51f1d\" data-element_type=\"widget\" data-e-type=\"widget\" data-widget_type=\"button.default\">\n\t\t\t\t<div class=\"elementor-widget-container\">\n\t\t\t\t\t\t\t\t\t<div class=\"elementor-button-wrapper\">\n\t\t\t\t\t<a class=\"elementor-button elementor-button-link elementor-size-md\" href=\"\/fr\/contact-us\">\n\t\t\t\t\t\t<span class=\"elementor-button-content-wrapper\">\n\t\t\t\t\t\t\t\t\t<span class=\"elementor-button-text\">Faire une demande<\/span>\n\t\t\t\t\t<\/span>\n\t\t\t\t\t<\/a>\n\t\t\t\t<\/div>\n\t\t\t\t\t\t\t\t<\/div>\n\t\t\t\t<\/div>\n\t\t\t\t\t<\/div>\n\t\t<\/div>\n\t\t\t\t<div class=\"elementor-column elementor-col-50 elementor-top-column elementor-element elementor-element-bf7aa36\" data-id=\"bf7aa36\" data-element_type=\"column\" data-e-type=\"column\">\n\t\t\t<div class=\"elementor-widget-wrap\">\n\t\t\t\t\t\t\t<\/div>\n\t\t<\/div>\n\t\t\t\t\t<\/div>\n\t\t<\/section>\n\t\t\t\t<section class=\"elementor-section elementor-top-section elementor-element elementor-element-e238bc8 elementor-section-boxed elementor-section-height-default elementor-section-height-default\" data-id=\"e238bc8\" data-element_type=\"section\" data-e-type=\"section\" data-settings=\"{&quot;background_background&quot;:&quot;classic&quot;}\">\n\t\t\t\t\t\t<div class=\"elementor-container elementor-column-gap-default\">\n\t\t\t\t\t<div class=\"elementor-column elementor-col-100 elementor-top-column elementor-element elementor-element-a3fb0ab\" data-id=\"a3fb0ab\" data-element_type=\"column\" data-e-type=\"column\">\n\t\t\t<div class=\"elementor-widget-wrap elementor-element-populated\">\n\t\t\t\t\t\t<section class=\"elementor-section elementor-inner-section elementor-element elementor-element-e6e2e14 elementor-section-boxed elementor-section-height-default elementor-section-height-default\" data-id=\"e6e2e14\" data-element_type=\"section\" data-e-type=\"section\">\n\t\t\t\t\t\t<div class=\"elementor-container elementor-column-gap-default\">\n\t\t\t\t\t<div class=\"elementor-column elementor-col-100 elementor-inner-column elementor-element elementor-element-77d81e0\" data-id=\"77d81e0\" data-element_type=\"column\" data-e-type=\"column\">\n\t\t\t<div class=\"elementor-widget-wrap elementor-element-populated\">\n\t\t\t\t\t\t<div class=\"elementor-element elementor-element-e22d3c4 elementor-widget elementor-widget-heading\" data-id=\"e22d3c4\" data-element_type=\"widget\" data-e-type=\"widget\" data-widget_type=\"heading.default\">\n\t\t\t\t<div class=\"elementor-widget-container\">\n\t\t\t\t\t<h2 class=\"elementor-heading-title elementor-size-default\">API Engineering sp\u00e9cifie et fournit des outils pour les laminoirs de tubes, y compris pour les tubes sans soudure et soud\u00e9s.<\/h2>\t\t\t\t<\/div>\n\t\t\t\t<\/div>\n\t\t\t\t<div class=\"elementor-element elementor-element-7bb684b elementor-widget-divider--view-line elementor-widget elementor-widget-divider\" data-id=\"7bb684b\" data-element_type=\"widget\" data-e-type=\"widget\" data-widget_type=\"divider.default\">\n\t\t\t\t<div class=\"elementor-widget-container\">\n\t\t\t\t\t\t\t<div class=\"elementor-divider\">\n\t\t\t<span class=\"elementor-divider-separator\">\n\t\t\t\t\t\t<\/span>\n\t\t<\/div>\n\t\t\t\t\t\t<\/div>\n\t\t\t\t<\/div>\n\t\t\t\t<div class=\"elementor-element elementor-element-d1ee145 elementor-widget elementor-widget-heading\" data-id=\"d1ee145\" data-element_type=\"widget\" data-e-type=\"widget\" data-widget_type=\"heading.default\">\n\t\t\t\t<div class=\"elementor-widget-container\">\n\t\t\t\t\t<h3 class=\"elementor-heading-title elementor-size-default\">Notre \u00e9quipement capital fonctionne actuellement dans des laminoirs de tubes et de tuyaux, de produits longs, de sections et de bandes sur quatre continents.<\/h3>\t\t\t\t<\/div>\n\t\t\t\t<\/div>\n\t\t\t\t\t<\/div>\n\t\t<\/div>\n\t\t\t\t\t<\/div>\n\t\t<\/section>\n\t\t\t\t<section class=\"elementor-section elementor-inner-section elementor-element elementor-element-e366e0b elementor-section-boxed elementor-section-height-default elementor-section-height-default\" data-id=\"e366e0b\" data-element_type=\"section\" data-e-type=\"section\">\n\t\t\t\t\t\t<div class=\"elementor-container elementor-column-gap-default\">\n\t\t\t\t\t<div class=\"elementor-column elementor-col-50 elementor-inner-column elementor-element elementor-element-9c7e91d\" data-id=\"9c7e91d\" data-element_type=\"column\" data-e-type=\"column\">\n\t\t\t<div class=\"elementor-widget-wrap elementor-element-populated\">\n\t\t\t\t\t\t<div class=\"elementor-element elementor-element-8ca9433 elementor-widget elementor-widget-text-editor\" data-id=\"8ca9433\" data-element_type=\"widget\" data-e-type=\"widget\" data-widget_type=\"text-editor.default\">\n\t\t\t\t<div class=\"elementor-widget-container\">\n\t\t\t\t\t\t\t\t\t<p>API Engineering peut fournir des tables de rouleaux, des supports de laminoir, des lits de refroidissement, des \u00e9quipements de transport et la plupart des autres \u00e9quipements de production n\u00e9cessaires au fonctionnement d&#8217;une aci\u00e9rie.<\/p><p>Notre \u00e9quipe d&#8217;ing\u00e9nieurs exp\u00e9riment\u00e9s peut \u00e9galement r\u00e9troconcevoir des pi\u00e8ces de rechange pour les \u00e9quipements obsol\u00e8tes ou en fin de vie. Nous avons une expertise \u00e9tendue en ing\u00e9nierie d&#8217;application, conception m\u00e9canique, CAO 3D, m\u00e9tallurgie et traitement thermique, tous les \u00e9quipements \u00e9tant fournis avec des ensembles d&#8217;inspection complets et des manuels d&#8217;exploitation et de maintenance.<\/p><p>API Engineering sp\u00e9cifie et fournit des outils et des consommables pour les laminoirs de tubes, y compris pour les tubes sans soudure et soud\u00e9s. Nous fournissons depuis plus de 20 ans les meilleurs laminoirs de tubes sans soudure dans le monde entier, avec des outils pour plus de 20 ans et continuons d&#8217;\u00eatre \u00e0 l&#8217;avant-garde des technologies \u00e9mergentes.<\/p>\t\t\t\t\t\t\t\t<\/div>\n\t\t\t\t<\/div>\n\t\t\t\t\t<\/div>\n\t\t<\/div>\n\t\t\t\t<div class=\"elementor-column elementor-col-50 elementor-inner-column elementor-element elementor-element-d9cc594\" data-id=\"d9cc594\" data-element_type=\"column\" data-e-type=\"column\">\n\t\t\t<div class=\"elementor-widget-wrap elementor-element-populated\">\n\t\t\t\t\t\t<div class=\"elementor-element elementor-element-a755e4b elementor-widget elementor-widget-text-editor\" data-id=\"a755e4b\" data-element_type=\"widget\" data-e-type=\"widget\" data-widget_type=\"text-editor.default\">\n\t\t\t\t<div class=\"elementor-widget-container\">\n\t\t\t\t\t\t\t\t\t<p>L&#8217;approvisionnement en outillage de haute qualit\u00e9 avec une longue dur\u00e9e de vie est vital pour garantir que le produit fini r\u00e9pond aux exigences strictes du march\u00e9 pour les tubes modernes. Les tubes sans soudure en particulier sont un composant fondamental de tout projet moderne de forage ou de pipeline pour l&#8217;industrie p\u00e9troli\u00e8re et gazi\u00e8re, o\u00f9 les normes de pr\u00e9cision et de qualit\u00e9 sont extr\u00eamement \u00e9lev\u00e9es. Notre objectif est de fournir une solution rentable, avec des d\u00e9lais de livraison courts et le co\u00fbt de possession le plus bas possible.<\/p><p>Dans les laminoirs de produits plats, nous avons de l&#8217;exp\u00e9rience dans la fourniture de rouleaux forg\u00e9s et moul\u00e9s, de cisailles et de la plupart des types d&#8217;outils consommables.<\/p><p><strong>Notre outillage est utilis\u00e9 par les aci\u00e9ries fournissant des produits OCTG \u00e0 toutes les normes et grades majeurs.<\/strong><\/p><p>De plus, notre soci\u00e9t\u00e9 s\u0153ur PPI Engineering peut aider \u00e0 l&#8217;approvisionnement et au soutien de tous les \u00e9quipements \u00e9lectriques rotatifs dans l&#8217;usine.<\/p>\t\t\t\t\t\t\t\t<\/div>\n\t\t\t\t<\/div>\n\t\t\t\t\t<\/div>\n\t\t<\/div>\n\t\t\t\t\t<\/div>\n\t\t<\/section>\n\t\t\t\t<section class=\"elementor-section elementor-inner-section elementor-element elementor-element-775255e elementor-section-full_width prosectors elementor-section-height-default elementor-section-height-default\" data-id=\"775255e\" data-element_type=\"section\" data-e-type=\"section\">\n\t\t\t\t\t\t<div class=\"elementor-container elementor-column-gap-default\">\n\t\t\t\t\t<div class=\"elementor-column elementor-col-33 elementor-inner-column elementor-element elementor-element-219aeed\" data-id=\"219aeed\" data-element_type=\"column\" data-e-type=\"column\">\n\t\t\t<div class=\"elementor-widget-wrap elementor-element-populated\">\n\t\t\t\t\t\t<div class=\"elementor-element elementor-element-ad4f643 elementor-cta--skin-cover elementor-cta--valign-bottom elementor-bg-transform elementor-bg-transform-zoom-in elementor-widget elementor-widget-call-to-action\" data-id=\"ad4f643\" data-element_type=\"widget\" data-e-type=\"widget\" data-widget_type=\"call-to-action.default\">\n\t\t\t\t<div class=\"elementor-widget-container\">\n\t\t\t\t\t\t\t<a class=\"elementor-cta\" href=\"\/fr\/ductile-iron-pipe-moulds\/\">\n\t\t\t\t\t<div class=\"elementor-cta__bg-wrapper\">\n\t\t\t\t<div class=\"elementor-cta__bg elementor-bg\" style=\"background-image: url(https:\/\/www.api-engineering.com\/fr\/wp-content\/uploads\/sites\/8\/2022\/05\/pipe-moulds-1024x576.jpg);\" role=\"img\" aria-label=\"pipe-moulds\"><\/div>\n\t\t\t\t<div class=\"elementor-cta__bg-overlay\"><\/div>\n\t\t\t<\/div>\n\t\t\t\t\t\t\t<div class=\"elementor-cta__content\">\n\t\t\t\t\n\t\t\t\t\t\t\t\t\t<h2 class=\"elementor-cta__title elementor-cta__content-item elementor-content-item\">\n\t\t\t\t\t\tMoules pour tuyaux en fonte ductile\t\t\t\t\t<\/h2>\n\t\t\t\t\n\t\t\t\t\n\t\t\t\t\t\t\t<\/div>\n\t\t\t\t\t\t<\/a>\n\t\t\t\t\t\t<\/div>\n\t\t\t\t<\/div>\n\t\t\t\t\t<\/div>\n\t\t<\/div>\n\t\t\t\t<div class=\"elementor-column elementor-col-33 elementor-inner-column elementor-element elementor-element-bce0529\" data-id=\"bce0529\" data-element_type=\"column\" data-e-type=\"column\">\n\t\t\t<div class=\"elementor-widget-wrap elementor-element-populated\">\n\t\t\t\t\t\t<div class=\"elementor-element elementor-element-75ae996 elementor-cta--skin-cover elementor-cta--valign-bottom elementor-bg-transform elementor-bg-transform-zoom-in elementor-widget elementor-widget-call-to-action\" data-id=\"75ae996\" data-element_type=\"widget\" data-e-type=\"widget\" data-widget_type=\"call-to-action.default\">\n\t\t\t\t<div class=\"elementor-widget-container\">\n\t\t\t\t\t\t\t<a class=\"elementor-cta\" href=\"\/fr\/mandrel-bars\/\">\n\t\t\t\t\t<div class=\"elementor-cta__bg-wrapper\">\n\t\t\t\t<div class=\"elementor-cta__bg elementor-bg\" style=\"background-image: url(https:\/\/www.api-engineering.com\/fr\/wp-content\/uploads\/sites\/8\/2021\/07\/mand1.jpg);\" role=\"img\" aria-label=\"mand1\"><\/div>\n\t\t\t\t<div class=\"elementor-cta__bg-overlay\"><\/div>\n\t\t\t<\/div>\n\t\t\t\t\t\t\t<div class=\"elementor-cta__content\">\n\t\t\t\t\n\t\t\t\t\t\t\t\t\t<h2 class=\"elementor-cta__title elementor-cta__content-item elementor-content-item\">\n\t\t\t\t\t\tBarres mandrins\t\t\t\t\t<\/h2>\n\t\t\t\t\n\t\t\t\t\n\t\t\t\t\t\t\t<\/div>\n\t\t\t\t\t\t<\/a>\n\t\t\t\t\t\t<\/div>\n\t\t\t\t<\/div>\n\t\t\t\t\t<\/div>\n\t\t<\/div>\n\t\t\t\t<div class=\"elementor-column elementor-col-33 elementor-inner-column elementor-element elementor-element-61d3c22\" data-id=\"61d3c22\" data-element_type=\"column\" data-e-type=\"column\">\n\t\t\t<div class=\"elementor-widget-wrap elementor-element-populated\">\n\t\t\t\t\t\t<div class=\"elementor-element elementor-element-9a126fa elementor-cta--skin-cover elementor-cta--valign-bottom elementor-bg-transform elementor-bg-transform-zoom-in elementor-widget elementor-widget-call-to-action\" data-id=\"9a126fa\" data-element_type=\"widget\" data-e-type=\"widget\" data-widget_type=\"call-to-action.default\">\n\t\t\t\t<div class=\"elementor-widget-container\">\n\t\t\t\t\t\t\t<a class=\"elementor-cta\" href=\"\/fr\/rolling-mill-stands\/\">\n\t\t\t\t\t<div class=\"elementor-cta__bg-wrapper\">\n\t\t\t\t<div class=\"elementor-cta__bg elementor-bg\" style=\"background-image: url(https:\/\/www.api-engineering.com\/fr\/wp-content\/uploads\/sites\/8\/2021\/07\/roll2.jpg);\" role=\"img\" aria-label=\"roll2\"><\/div>\n\t\t\t\t<div class=\"elementor-cta__bg-overlay\"><\/div>\n\t\t\t<\/div>\n\t\t\t\t\t\t\t<div class=\"elementor-cta__content\">\n\t\t\t\t\n\t\t\t\t\t\t\t\t\t<h2 class=\"elementor-cta__title elementor-cta__content-item elementor-content-item\">\n\t\t\t\t\t\tSupports de laminoir\t\t\t\t\t<\/h2>\n\t\t\t\t\n\t\t\t\t\n\t\t\t\t\t\t\t<\/div>\n\t\t\t\t\t\t<\/a>\n\t\t\t\t\t\t<\/div>\n\t\t\t\t<\/div>\n\t\t\t\t\t<\/div>\n\t\t<\/div>\n\t\t\t\t\t<\/div>\n\t\t<\/section>\n\t\t\t\t<section class=\"elementor-section elementor-inner-section elementor-element elementor-element-2a3d662 elementor-section-full_width prosectors elementor-section-height-default elementor-section-height-default\" data-id=\"2a3d662\" data-element_type=\"section\" data-e-type=\"section\">\n\t\t\t\t\t\t<div class=\"elementor-container elementor-column-gap-default\">\n\t\t\t\t\t<div class=\"elementor-column elementor-col-33 elementor-inner-column elementor-element elementor-element-d5d823e\" data-id=\"d5d823e\" data-element_type=\"column\" data-e-type=\"column\">\n\t\t\t<div class=\"elementor-widget-wrap elementor-element-populated\">\n\t\t\t\t\t\t<div class=\"elementor-element elementor-element-c49d0da elementor-cta--skin-cover elementor-cta--valign-bottom elementor-bg-transform elementor-bg-transform-zoom-in elementor-widget elementor-widget-call-to-action\" data-id=\"c49d0da\" data-element_type=\"widget\" data-e-type=\"widget\" data-widget_type=\"call-to-action.default\">\n\t\t\t\t<div class=\"elementor-widget-container\">\n\t\t\t\t\t\t\t<a class=\"elementor-cta\" href=\"\/fr\/rolls\/\">\n\t\t\t\t\t<div class=\"elementor-cta__bg-wrapper\">\n\t\t\t\t<div class=\"elementor-cta__bg elementor-bg\" style=\"background-image: url(https:\/\/www.api-engineering.com\/fr\/wp-content\/uploads\/sites\/8\/2022\/04\/rolls-1024x680.jpg);\" role=\"img\" aria-label=\"rolls\"><\/div>\n\t\t\t\t<div class=\"elementor-cta__bg-overlay\"><\/div>\n\t\t\t<\/div>\n\t\t\t\t\t\t\t<div class=\"elementor-cta__content\">\n\t\t\t\t\n\t\t\t\t\t\t\t\t\t<h2 class=\"elementor-cta__title elementor-cta__content-item elementor-content-item\">\n\t\t\t\t\t\tRouleaux\t\t\t\t\t<\/h2>\n\t\t\t\t\n\t\t\t\t\n\t\t\t\t\t\t\t<\/div>\n\t\t\t\t\t\t<\/a>\n\t\t\t\t\t\t<\/div>\n\t\t\t\t<\/div>\n\t\t\t\t\t<\/div>\n\t\t<\/div>\n\t\t\t\t<div class=\"elementor-column elementor-col-33 elementor-inner-column elementor-element elementor-element-777a437\" data-id=\"777a437\" data-element_type=\"column\" data-e-type=\"column\">\n\t\t\t<div class=\"elementor-widget-wrap elementor-element-populated\">\n\t\t\t\t\t\t<div class=\"elementor-element elementor-element-0c9f313 elementor-cta--skin-cover elementor-cta--valign-bottom elementor-bg-transform elementor-bg-transform-zoom-in elementor-widget elementor-widget-call-to-action\" data-id=\"0c9f313\" data-element_type=\"widget\" data-e-type=\"widget\" data-widget_type=\"call-to-action.default\">\n\t\t\t\t<div class=\"elementor-widget-container\">\n\t\t\t\t\t\t\t<a class=\"elementor-cta\" href=\"\/fr\/cooling-beds\/\">\n\t\t\t\t\t<div class=\"elementor-cta__bg-wrapper\">\n\t\t\t\t<div class=\"elementor-cta__bg elementor-bg\" style=\"background-image: url(https:\/\/www.api-engineering.com\/fr\/wp-content\/uploads\/sites\/8\/2022\/04\/cooling-beds-1024x768.jpg);\" role=\"img\" aria-label=\"cooling-beds\"><\/div>\n\t\t\t\t<div class=\"elementor-cta__bg-overlay\"><\/div>\n\t\t\t<\/div>\n\t\t\t\t\t\t\t<div class=\"elementor-cta__content\">\n\t\t\t\t\n\t\t\t\t\t\t\t\t\t<h2 class=\"elementor-cta__title elementor-cta__content-item elementor-content-item\">\n\t\t\t\t\t\tLits de refroidissement\t\t\t\t\t<\/h2>\n\t\t\t\t\n\t\t\t\t\n\t\t\t\t\t\t\t<\/div>\n\t\t\t\t\t\t<\/a>\n\t\t\t\t\t\t<\/div>\n\t\t\t\t<\/div>\n\t\t\t\t\t<\/div>\n\t\t<\/div>\n\t\t\t\t<div class=\"elementor-column elementor-col-33 elementor-inner-column elementor-element elementor-element-1b4c8a7\" data-id=\"1b4c8a7\" data-element_type=\"column\" data-e-type=\"column\">\n\t\t\t<div class=\"elementor-widget-wrap\">\n\t\t\t\t\t\t\t<\/div>\n\t\t<\/div>\n\t\t\t\t\t<\/div>\n\t\t<\/section>\n\t\t\t\t\t<\/div>\n\t\t<\/div>\n\t\t\t\t\t<\/div>\n\t\t<\/section>\n\t\t\t\t<\/div>\n\t\t","protected":false},"excerpt":{"rendered":"<p>Acierie API Engineering peut sp\u00e9cifier, fournir et prendre en charge l&#8217;\u00e9quipement capital, l&#8217;outillage et les&#8230;<\/p>\n","protected":false},"author":2,"featured_media":0,"parent":0,"menu_order":0,"comment_status":"closed","ping_status":"closed","template":"","meta":{"_acf_changed":false,"footnotes":""},"class_list":["post-1060","page","type-page","status-publish","hentry"],"acf":[],"yoast_head":"<!-- This site is optimized with the Yoast SEO plugin v27.3 - https:\/\/yoast.com\/product\/yoast-seo-wordpress\/ -->\n<title>Acierie - API Engineering fr<\/title>\n<meta name=\"robots\" content=\"index, follow, max-snippet:-1, max-image-preview:large, max-video-preview:-1\" \/>\n<link rel=\"canonical\" href=\"https:\/\/www.api-engineering.com\/fr\/steel-mill\/\" \/>\n<meta property=\"og:locale\" content=\"en_GB\" \/>\n<meta property=\"og:type\" content=\"article\" \/>\n<meta property=\"og:title\" content=\"Acierie - API Engineering fr\" \/>\n<meta property=\"og:description\" content=\"Acierie API Engineering peut sp\u00e9cifier, fournir et prendre en charge l&#8217;\u00e9quipement capital, l&#8217;outillage et les...\" \/>\n<meta property=\"og:url\" content=\"https:\/\/www.api-engineering.com\/fr\/steel-mill\/\" \/>\n<meta property=\"og:site_name\" content=\"API Engineering fr\" \/>\n<meta property=\"article:modified_time\" content=\"2024-02-13T13:47:59+00:00\" \/>\n<meta name=\"twitter:card\" content=\"summary_large_image\" \/>\n<meta name=\"twitter:label1\" content=\"Estimated reading time\" \/>\n\t<meta name=\"twitter:data1\" content=\"2 minutes\" \/>\n<script type=\"application\/ld+json\" class=\"yoast-schema-graph\">{\"@context\":\"https:\\\/\\\/schema.org\",\"@graph\":[{\"@type\":\"WebPage\",\"@id\":\"https:\\\/\\\/www.api-engineering.com\\\/fr\\\/steel-mill\\\/\",\"url\":\"https:\\\/\\\/www.api-engineering.com\\\/fr\\\/steel-mill\\\/\",\"name\":\"Acierie - API Engineering fr\",\"isPartOf\":{\"@id\":\"https:\\\/\\\/www.api-engineering.com\\\/fr\\\/#website\"},\"datePublished\":\"2021-08-12T11:32:18+00:00\",\"dateModified\":\"2024-02-13T13:47:59+00:00\",\"breadcrumb\":{\"@id\":\"https:\\\/\\\/www.api-engineering.com\\\/fr\\\/steel-mill\\\/#breadcrumb\"},\"inLanguage\":\"en-GB\",\"potentialAction\":[{\"@type\":\"ReadAction\",\"target\":[\"https:\\\/\\\/www.api-engineering.com\\\/fr\\\/steel-mill\\\/\"]}]},{\"@type\":\"BreadcrumbList\",\"@id\":\"https:\\\/\\\/www.api-engineering.com\\\/fr\\\/steel-mill\\\/#breadcrumb\",\"itemListElement\":[{\"@type\":\"ListItem\",\"position\":1,\"name\":\"Home\",\"item\":\"https:\\\/\\\/www.api-engineering.com\\\/fr\\\/\"},{\"@type\":\"ListItem\",\"position\":2,\"name\":\"Acierie\"}]},{\"@type\":\"WebSite\",\"@id\":\"https:\\\/\\\/www.api-engineering.com\\\/fr\\\/#website\",\"url\":\"https:\\\/\\\/www.api-engineering.com\\\/fr\\\/\",\"name\":\"API Engineering fr\",\"description\":\"API Engineering supply a diverse range of high quality, low cost components and equipment to the Oil &amp; Gas Sector - both Upstream and Downstream.\",\"potentialAction\":[{\"@type\":\"SearchAction\",\"target\":{\"@type\":\"EntryPoint\",\"urlTemplate\":\"https:\\\/\\\/www.api-engineering.com\\\/fr\\\/?s={search_term_string}\"},\"query-input\":{\"@type\":\"PropertyValueSpecification\",\"valueRequired\":true,\"valueName\":\"search_term_string\"}}],\"inLanguage\":\"en-GB\"}]}<\/script>\n<!-- \/ Yoast SEO plugin. -->","yoast_head_json":{"title":"Acierie - API Engineering fr","robots":{"index":"index","follow":"follow","max-snippet":"max-snippet:-1","max-image-preview":"max-image-preview:large","max-video-preview":"max-video-preview:-1"},"canonical":"https:\/\/www.api-engineering.com\/fr\/steel-mill\/","og_locale":"en_GB","og_type":"article","og_title":"Acierie - API Engineering fr","og_description":"Acierie API Engineering peut sp\u00e9cifier, fournir et prendre en charge l&#8217;\u00e9quipement capital, l&#8217;outillage et les...","og_url":"https:\/\/www.api-engineering.com\/fr\/steel-mill\/","og_site_name":"API Engineering fr","article_modified_time":"2024-02-13T13:47:59+00:00","twitter_card":"summary_large_image","twitter_misc":{"Estimated reading time":"2 minutes"},"schema":{"@context":"https:\/\/schema.org","@graph":[{"@type":"WebPage","@id":"https:\/\/www.api-engineering.com\/fr\/steel-mill\/","url":"https:\/\/www.api-engineering.com\/fr\/steel-mill\/","name":"Acierie - API Engineering fr","isPartOf":{"@id":"https:\/\/www.api-engineering.com\/fr\/#website"},"datePublished":"2021-08-12T11:32:18+00:00","dateModified":"2024-02-13T13:47:59+00:00","breadcrumb":{"@id":"https:\/\/www.api-engineering.com\/fr\/steel-mill\/#breadcrumb"},"inLanguage":"en-GB","potentialAction":[{"@type":"ReadAction","target":["https:\/\/www.api-engineering.com\/fr\/steel-mill\/"]}]},{"@type":"BreadcrumbList","@id":"https:\/\/www.api-engineering.com\/fr\/steel-mill\/#breadcrumb","itemListElement":[{"@type":"ListItem","position":1,"name":"Home","item":"https:\/\/www.api-engineering.com\/fr\/"},{"@type":"ListItem","position":2,"name":"Acierie"}]},{"@type":"WebSite","@id":"https:\/\/www.api-engineering.com\/fr\/#website","url":"https:\/\/www.api-engineering.com\/fr\/","name":"API Engineering fr","description":"API Engineering supply a diverse range of high quality, low cost components and equipment to the Oil &amp; Gas Sector - both Upstream and Downstream.","potentialAction":[{"@type":"SearchAction","target":{"@type":"EntryPoint","urlTemplate":"https:\/\/www.api-engineering.com\/fr\/?s={search_term_string}"},"query-input":{"@type":"PropertyValueSpecification","valueRequired":true,"valueName":"search_term_string"}}],"inLanguage":"en-GB"}]}},"_links":{"self":[{"href":"https:\/\/www.api-engineering.com\/fr\/wp-json\/wp\/v2\/pages\/1060","targetHints":{"allow":["GET"]}}],"collection":[{"href":"https:\/\/www.api-engineering.com\/fr\/wp-json\/wp\/v2\/pages"}],"about":[{"href":"https:\/\/www.api-engineering.com\/fr\/wp-json\/wp\/v2\/types\/page"}],"author":[{"embeddable":true,"href":"https:\/\/www.api-engineering.com\/fr\/wp-json\/wp\/v2\/users\/2"}],"replies":[{"embeddable":true,"href":"https:\/\/www.api-engineering.com\/fr\/wp-json\/wp\/v2\/comments?post=1060"}],"version-history":[{"count":38,"href":"https:\/\/www.api-engineering.com\/fr\/wp-json\/wp\/v2\/pages\/1060\/revisions"}],"predecessor-version":[{"id":2221,"href":"https:\/\/www.api-engineering.com\/fr\/wp-json\/wp\/v2\/pages\/1060\/revisions\/2221"}],"wp:attachment":[{"href":"https:\/\/www.api-engineering.com\/fr\/wp-json\/wp\/v2\/media?parent=1060"}],"curies":[{"name":"wp","href":"https:\/\/api.w.org\/{rel}","templated":true}]}}