{"id":1354,"date":"2022-03-03T17:44:00","date_gmt":"2022-03-03T17:44:00","guid":{"rendered":"http:\/\/drafts.design-vibe.co.uk\/api\/?page_id=1354"},"modified":"2024-06-18T14:49:18","modified_gmt":"2024-06-18T13:49:18","slug":"qms-iso-9001","status":"publish","type":"page","link":"https:\/\/www.api-engineering.com\/fr\/qms-iso-9001\/","title":{"rendered":"QMS &#8211; ISO 9001"},"content":{"rendered":"\t\t<div data-elementor-type=\"wp-page\" data-elementor-id=\"1354\" class=\"elementor elementor-1354\" data-elementor-post-type=\"page\">\n\t\t\t\t\t\t<section class=\"elementor-section elementor-top-section elementor-element elementor-element-2880a3d elementor-section-height-min-height homeban elementor-section-boxed elementor-section-height-default elementor-section-items-middle\" data-id=\"2880a3d\" data-element_type=\"section\" data-e-type=\"section\" data-settings=\"{&quot;background_background&quot;:&quot;classic&quot;}\">\n\t\t\t\t\t\t\t<div class=\"elementor-background-overlay\"><\/div>\n\t\t\t\t\t\t\t<div class=\"elementor-container elementor-column-gap-default\">\n\t\t\t\t\t<div class=\"elementor-column elementor-col-50 elementor-top-column elementor-element elementor-element-7f13f31\" data-id=\"7f13f31\" data-element_type=\"column\" data-e-type=\"column\">\n\t\t\t<div class=\"elementor-widget-wrap elementor-element-populated\">\n\t\t\t\t\t\t<div class=\"elementor-element elementor-element-8a6391d elementor-widget elementor-widget-heading\" data-id=\"8a6391d\" data-element_type=\"widget\" data-e-type=\"widget\" data-widget_type=\"heading.default\">\n\t\t\t\t<div class=\"elementor-widget-container\">\n\t\t\t\t\t<h1 class=\"elementor-heading-title elementor-size-default\">QMS - ISO 9001<\/h1>\t\t\t\t<\/div>\n\t\t\t\t<\/div>\n\t\t\t\t<div class=\"elementor-element elementor-element-84c0ec2 elementor-widget elementor-widget-text-editor\" data-id=\"84c0ec2\" data-element_type=\"widget\" data-e-type=\"widget\" data-widget_type=\"text-editor.default\">\n\t\t\t\t<div class=\"elementor-widget-container\">\n\t\t\t\t\t\t\t\t\t<p>La certification ISO 9001 est une norme internationale qui sp\u00e9cifie les exigences pour un syst\u00e8me de gestion de la qualit\u00e9 (SGQ). Cela est utilis\u00e9 pour d\u00e9montrer la capacit\u00e9 \u00e0 fournir de mani\u00e8re coh\u00e9rente des produits et services qui r\u00e9pondent aux exigences de nos clients et r\u00e9glementaires.<\/p>\t\t\t\t\t\t\t\t<\/div>\n\t\t\t\t<\/div>\n\t\t\t\t<div class=\"elementor-element elementor-element-0f51f1d elementor-widget elementor-widget-button\" data-id=\"0f51f1d\" data-element_type=\"widget\" data-e-type=\"widget\" data-widget_type=\"button.default\">\n\t\t\t\t<div class=\"elementor-widget-container\">\n\t\t\t\t\t\t\t\t\t<div class=\"elementor-button-wrapper\">\n\t\t\t\t\t<a class=\"elementor-button elementor-button-link elementor-size-md\" href=\"\/fr\/contact-us\">\n\t\t\t\t\t\t<span class=\"elementor-button-content-wrapper\">\n\t\t\t\t\t\t\t\t\t<span class=\"elementor-button-text\">Faire une demande<\/span>\n\t\t\t\t\t<\/span>\n\t\t\t\t\t<\/a>\n\t\t\t\t<\/div>\n\t\t\t\t\t\t\t\t<\/div>\n\t\t\t\t<\/div>\n\t\t\t\t\t<\/div>\n\t\t<\/div>\n\t\t\t\t<div class=\"elementor-column elementor-col-50 elementor-top-column elementor-element elementor-element-bf7aa36\" data-id=\"bf7aa36\" data-element_type=\"column\" data-e-type=\"column\">\n\t\t\t<div class=\"elementor-widget-wrap\">\n\t\t\t\t\t\t\t<\/div>\n\t\t<\/div>\n\t\t\t\t\t<\/div>\n\t\t<\/section>\n\t\t\t\t<section class=\"elementor-section elementor-top-section elementor-element elementor-element-e238bc8 elementor-section-boxed elementor-section-height-default elementor-section-height-default\" data-id=\"e238bc8\" data-element_type=\"section\" data-e-type=\"section\" data-settings=\"{&quot;background_background&quot;:&quot;classic&quot;}\">\n\t\t\t\t\t\t<div class=\"elementor-container elementor-column-gap-default\">\n\t\t\t\t\t<div class=\"elementor-column elementor-col-100 elementor-top-column elementor-element elementor-element-a3fb0ab\" data-id=\"a3fb0ab\" data-element_type=\"column\" data-e-type=\"column\">\n\t\t\t<div class=\"elementor-widget-wrap elementor-element-populated\">\n\t\t\t\t\t\t<div class=\"elementor-element elementor-element-e742d90 elementor-widget elementor-widget-heading\" data-id=\"e742d90\" data-element_type=\"widget\" data-e-type=\"widget\" data-widget_type=\"heading.default\">\n\t\t\t\t<div class=\"elementor-widget-container\">\n\t\t\t\t\t<h3 class=\"elementor-heading-title elementor-size-default\">API Engineering est certifi\u00e9 ISO 9001 depuis 2015, la certification \u00e9tant r\u00e9guli\u00e8rement attribu\u00e9e par Alcumus ISOQAR, un organisme de certification accr\u00e9dit\u00e9 par le UKAS au Royaume-Uni et sp\u00e9cialis\u00e9 dans la qualit\u00e9 pour l'ing\u00e9nierie et la gestion de la cha\u00eene d'approvisionnement.<\/h3>\t\t\t\t<\/div>\n\t\t\t\t<\/div>\n\t\t\t\t<div class=\"elementor-element elementor-element-ef46b46 elementor-widget-divider--view-line elementor-widget elementor-widget-divider\" data-id=\"ef46b46\" data-element_type=\"widget\" data-e-type=\"widget\" data-widget_type=\"divider.default\">\n\t\t\t\t<div class=\"elementor-widget-container\">\n\t\t\t\t\t\t\t<div class=\"elementor-divider\">\n\t\t\t<span class=\"elementor-divider-separator\">\n\t\t\t\t\t\t<\/span>\n\t\t<\/div>\n\t\t\t\t\t\t<\/div>\n\t\t\t\t<\/div>\n\t\t\t\t<div class=\"elementor-element elementor-element-db6cebe elementor-widget elementor-widget-image\" data-id=\"db6cebe\" data-element_type=\"widget\" data-e-type=\"widget\" data-widget_type=\"image.default\">\n\t\t\t\t<div class=\"elementor-widget-container\">\n\t\t\t\t\t\t\t\t\t\t\t\t\t\t\t\t<a href=\"https:\/\/www.api-engineering.com\/fr\/wp-content\/uploads\/sites\/8\/2024\/06\/13536-Headline-A.P.I.-Engineering-Limited.pdf\">\n\t\t\t\t\t\t\t<img fetchpriority=\"high\" decoding=\"async\" width=\"300\" height=\"194\" src=\"https:\/\/www.api-engineering.com\/fr\/wp-content\/uploads\/sites\/8\/2023\/01\/UKAS-ISOQAR-Mark-cl-27_CMYK-300x194.jpg\" class=\"attachment-medium size-medium wp-image-1970\" alt=\"\" srcset=\"https:\/\/www.api-engineering.com\/fr\/wp-content\/uploads\/sites\/8\/2023\/01\/UKAS-ISOQAR-Mark-cl-27_CMYK-300x194.jpg 300w, https:\/\/www.api-engineering.com\/fr\/wp-content\/uploads\/sites\/8\/2023\/01\/UKAS-ISOQAR-Mark-cl-27_CMYK-1024x662.jpg 1024w, https:\/\/www.api-engineering.com\/fr\/wp-content\/uploads\/sites\/8\/2023\/01\/UKAS-ISOQAR-Mark-cl-27_CMYK-768x496.jpg 768w, https:\/\/www.api-engineering.com\/fr\/wp-content\/uploads\/sites\/8\/2023\/01\/UKAS-ISOQAR-Mark-cl-27_CMYK-1536x993.jpg 1536w, https:\/\/www.api-engineering.com\/fr\/wp-content\/uploads\/sites\/8\/2023\/01\/UKAS-ISOQAR-Mark-cl-27_CMYK-2048x1324.jpg 2048w\" sizes=\"(max-width: 300px) 100vw, 300px\" \/>\t\t\t\t\t\t\t\t<\/a>\n\t\t\t\t\t\t\t\t\t\t\t\t\t\t\t<\/div>\n\t\t\t\t<\/div>\n\t\t\t\t<div class=\"elementor-element elementor-element-18f3569 elementor-widget elementor-widget-text-editor\" data-id=\"18f3569\" data-element_type=\"widget\" data-e-type=\"widget\" data-widget_type=\"text-editor.default\">\n\t\t\t\t<div class=\"elementor-widget-container\">\n\t\t\t\t\t\t\t\t\t<p>Pour obtenir la certification, nous utilisons un syst\u00e8me de gestion de la qualit\u00e9 bas\u00e9 sur les processus, ce qui garantit l&#8217;efficacit\u00e9 et permet donc d&#8217;offrir la valeur la plus \u00e9lev\u00e9e possible \u00e0 nos clients.<\/p><p>Tous nos clients exigent et m\u00e9ritent des produits et services de la plus haute qualit\u00e9. En obtenant et en r\u00e9alisant syst\u00e9matiquement cette certification, nos clients peuvent \u00eatre assur\u00e9s que API Engineering peut r\u00e9pondre et d\u00e9passer leurs attentes. La certification d\u00e9montre les efforts continus de API Engineering pour s&#8217;am\u00e9liorer et refl\u00e8te \u00e9galement les investissements permanents dans la technologie, le d\u00e9veloppement et la maturit\u00e9 des processus effectu\u00e9s par l&#8217;entreprise.<\/p><p>Cette accr\u00e9ditation en est maintenant \u00e0 sa cinqui\u00e8me it\u00e9ration et API Engineering continue de r\u00e9pondre aux crit\u00e8res stricts de gestion de la qualit\u00e9 d\u00e9finis par la norme.<\/p><p>Le parcours d&#8217;API Engineering vers l&#8217;obtention de la norme ISO 9001 a commenc\u00e9 en juin 2014. Le processus d&#8217;enregistrement a n\u00e9cessit\u00e9 les efforts combin\u00e9s de tous les employ\u00e9s d&#8217;API Engineering ; une communication efficace et une formation appropri\u00e9e \u00e9tant la cl\u00e9 d&#8217;une mise en \u0153uvre r\u00e9ussie. Le r\u00e9sultat est une assurance que l&#8217;ensemble de l&#8217;organisation travaille conform\u00e9ment aux proc\u00e9dures de l&#8217;entreprise qui ont obtenu le statut de syst\u00e8me de gestion de la qualit\u00e9 certifi\u00e9 ISO.<\/p><p>Nous continuons \u00e0 participer \u00e0 des audits externes annuels et \u00e0 effectuer des audits internes deux fois par an. Cela garantit que les attentes d\u00e9finies par la derni\u00e8re norme ISO 9001 sont respect\u00e9es et d\u00e9pass\u00e9es. Cette r\u00e9ussite r\u00e9p\u00e9t\u00e9e est quelque chose dont nous sommes particuli\u00e8rement fiers, car elle d\u00e9montre notre engagement \u00e0 fournir le plus haut niveau de qualit\u00e9 \u00e0 nos clients jour apr\u00e8s jour, ann\u00e9e apr\u00e8s ann\u00e9e.<\/p>\t\t\t\t\t\t\t\t<\/div>\n\t\t\t\t<\/div>\n\t\t\t\t\t<\/div>\n\t\t<\/div>\n\t\t\t\t\t<\/div>\n\t\t<\/section>\n\t\t\t\t<\/div>\n\t\t","protected":false},"excerpt":{"rendered":"<p>QMS &#8211; ISO 9001 La certification ISO 9001 est une norme internationale qui sp\u00e9cifie les&#8230;<\/p>\n","protected":false},"author":2,"featured_media":0,"parent":0,"menu_order":0,"comment_status":"closed","ping_status":"closed","template":"","meta":{"_acf_changed":false,"footnotes":""},"class_list":["post-1354","page","type-page","status-publish","hentry"],"acf":[],"yoast_head":"<!-- This site is optimized with the Yoast SEO plugin v27.5 - https:\/\/yoast.com\/product\/yoast-seo-wordpress\/ -->\n<title>QMS - ISO 9001 - API Engineering fr<\/title>\n<meta name=\"robots\" content=\"index, follow, max-snippet:-1, max-image-preview:large, max-video-preview:-1\" \/>\n<link rel=\"canonical\" href=\"https:\/\/www.api-engineering.com\/fr\/qms-iso-9001\/\" \/>\n<meta property=\"og:locale\" content=\"en_GB\" \/>\n<meta property=\"og:type\" content=\"article\" \/>\n<meta property=\"og:title\" content=\"QMS - ISO 9001 - API Engineering fr\" \/>\n<meta property=\"og:description\" content=\"QMS &#8211; ISO 9001 La certification ISO 9001 est une norme internationale qui sp\u00e9cifie les...\" \/>\n<meta property=\"og:url\" content=\"https:\/\/www.api-engineering.com\/fr\/qms-iso-9001\/\" \/>\n<meta property=\"og:site_name\" content=\"API Engineering fr\" \/>\n<meta property=\"article:modified_time\" content=\"2024-06-18T13:49:18+00:00\" \/>\n<meta property=\"og:image\" content=\"https:\/\/www.api-engineering.com\/fr\/wp-content\/uploads\/sites\/8\/2023\/01\/UKAS-ISOQAR-Mark-cl-27_CMYK-300x194.jpg\" \/>\n<meta name=\"twitter:card\" content=\"summary_large_image\" \/>\n<meta name=\"twitter:label1\" content=\"Estimated reading time\" \/>\n\t<meta name=\"twitter:data1\" content=\"2 minutes\" \/>\n<script type=\"application\/ld+json\" class=\"yoast-schema-graph\">{\"@context\":\"https:\\\/\\\/schema.org\",\"@graph\":[{\"@type\":\"WebPage\",\"@id\":\"https:\\\/\\\/www.api-engineering.com\\\/fr\\\/qms-iso-9001\\\/\",\"url\":\"https:\\\/\\\/www.api-engineering.com\\\/fr\\\/qms-iso-9001\\\/\",\"name\":\"QMS - ISO 9001 - API Engineering fr\",\"isPartOf\":{\"@id\":\"https:\\\/\\\/www.api-engineering.com\\\/fr\\\/#website\"},\"primaryImageOfPage\":{\"@id\":\"https:\\\/\\\/www.api-engineering.com\\\/fr\\\/qms-iso-9001\\\/#primaryimage\"},\"image\":{\"@id\":\"https:\\\/\\\/www.api-engineering.com\\\/fr\\\/qms-iso-9001\\\/#primaryimage\"},\"thumbnailUrl\":\"https:\\\/\\\/www.api-engineering.com\\\/fr\\\/wp-content\\\/uploads\\\/sites\\\/8\\\/2023\\\/01\\\/UKAS-ISOQAR-Mark-cl-27_CMYK-300x194.jpg\",\"datePublished\":\"2022-03-03T17:44:00+00:00\",\"dateModified\":\"2024-06-18T13:49:18+00:00\",\"breadcrumb\":{\"@id\":\"https:\\\/\\\/www.api-engineering.com\\\/fr\\\/qms-iso-9001\\\/#breadcrumb\"},\"inLanguage\":\"en-GB\",\"potentialAction\":[{\"@type\":\"ReadAction\",\"target\":[\"https:\\\/\\\/www.api-engineering.com\\\/fr\\\/qms-iso-9001\\\/\"]}]},{\"@type\":\"ImageObject\",\"inLanguage\":\"en-GB\",\"@id\":\"https:\\\/\\\/www.api-engineering.com\\\/fr\\\/qms-iso-9001\\\/#primaryimage\",\"url\":\"https:\\\/\\\/www.api-engineering.com\\\/fr\\\/wp-content\\\/uploads\\\/sites\\\/8\\\/2023\\\/01\\\/UKAS-ISOQAR-Mark-cl-27_CMYK-scaled.jpg\",\"contentUrl\":\"https:\\\/\\\/www.api-engineering.com\\\/fr\\\/wp-content\\\/uploads\\\/sites\\\/8\\\/2023\\\/01\\\/UKAS-ISOQAR-Mark-cl-27_CMYK-scaled.jpg\",\"width\":2560,\"height\":1654},{\"@type\":\"BreadcrumbList\",\"@id\":\"https:\\\/\\\/www.api-engineering.com\\\/fr\\\/qms-iso-9001\\\/#breadcrumb\",\"itemListElement\":[{\"@type\":\"ListItem\",\"position\":1,\"name\":\"Home\",\"item\":\"https:\\\/\\\/www.api-engineering.com\\\/fr\\\/\"},{\"@type\":\"ListItem\",\"position\":2,\"name\":\"QMS &#8211; ISO 9001\"}]},{\"@type\":\"WebSite\",\"@id\":\"https:\\\/\\\/www.api-engineering.com\\\/fr\\\/#website\",\"url\":\"https:\\\/\\\/www.api-engineering.com\\\/fr\\\/\",\"name\":\"API Engineering fr\",\"description\":\"API Engineering supply a diverse range of high quality, low cost components and equipment to the Oil &amp; Gas Sector - both Upstream and Downstream.\",\"potentialAction\":[{\"@type\":\"SearchAction\",\"target\":{\"@type\":\"EntryPoint\",\"urlTemplate\":\"https:\\\/\\\/www.api-engineering.com\\\/fr\\\/?s={search_term_string}\"},\"query-input\":{\"@type\":\"PropertyValueSpecification\",\"valueRequired\":true,\"valueName\":\"search_term_string\"}}],\"inLanguage\":\"en-GB\"}]}<\/script>\n<!-- \/ Yoast SEO plugin. -->","yoast_head_json":{"title":"QMS - ISO 9001 - API Engineering fr","robots":{"index":"index","follow":"follow","max-snippet":"max-snippet:-1","max-image-preview":"max-image-preview:large","max-video-preview":"max-video-preview:-1"},"canonical":"https:\/\/www.api-engineering.com\/fr\/qms-iso-9001\/","og_locale":"en_GB","og_type":"article","og_title":"QMS - ISO 9001 - API Engineering fr","og_description":"QMS &#8211; ISO 9001 La certification ISO 9001 est une norme internationale qui sp\u00e9cifie les...","og_url":"https:\/\/www.api-engineering.com\/fr\/qms-iso-9001\/","og_site_name":"API Engineering fr","article_modified_time":"2024-06-18T13:49:18+00:00","og_image":[{"url":"https:\/\/www.api-engineering.com\/fr\/wp-content\/uploads\/sites\/8\/2023\/01\/UKAS-ISOQAR-Mark-cl-27_CMYK-300x194.jpg","type":"","width":"","height":""}],"twitter_card":"summary_large_image","twitter_misc":{"Estimated reading time":"2 minutes"},"schema":{"@context":"https:\/\/schema.org","@graph":[{"@type":"WebPage","@id":"https:\/\/www.api-engineering.com\/fr\/qms-iso-9001\/","url":"https:\/\/www.api-engineering.com\/fr\/qms-iso-9001\/","name":"QMS - ISO 9001 - API Engineering fr","isPartOf":{"@id":"https:\/\/www.api-engineering.com\/fr\/#website"},"primaryImageOfPage":{"@id":"https:\/\/www.api-engineering.com\/fr\/qms-iso-9001\/#primaryimage"},"image":{"@id":"https:\/\/www.api-engineering.com\/fr\/qms-iso-9001\/#primaryimage"},"thumbnailUrl":"https:\/\/www.api-engineering.com\/fr\/wp-content\/uploads\/sites\/8\/2023\/01\/UKAS-ISOQAR-Mark-cl-27_CMYK-300x194.jpg","datePublished":"2022-03-03T17:44:00+00:00","dateModified":"2024-06-18T13:49:18+00:00","breadcrumb":{"@id":"https:\/\/www.api-engineering.com\/fr\/qms-iso-9001\/#breadcrumb"},"inLanguage":"en-GB","potentialAction":[{"@type":"ReadAction","target":["https:\/\/www.api-engineering.com\/fr\/qms-iso-9001\/"]}]},{"@type":"ImageObject","inLanguage":"en-GB","@id":"https:\/\/www.api-engineering.com\/fr\/qms-iso-9001\/#primaryimage","url":"https:\/\/www.api-engineering.com\/fr\/wp-content\/uploads\/sites\/8\/2023\/01\/UKAS-ISOQAR-Mark-cl-27_CMYK-scaled.jpg","contentUrl":"https:\/\/www.api-engineering.com\/fr\/wp-content\/uploads\/sites\/8\/2023\/01\/UKAS-ISOQAR-Mark-cl-27_CMYK-scaled.jpg","width":2560,"height":1654},{"@type":"BreadcrumbList","@id":"https:\/\/www.api-engineering.com\/fr\/qms-iso-9001\/#breadcrumb","itemListElement":[{"@type":"ListItem","position":1,"name":"Home","item":"https:\/\/www.api-engineering.com\/fr\/"},{"@type":"ListItem","position":2,"name":"QMS &#8211; ISO 9001"}]},{"@type":"WebSite","@id":"https:\/\/www.api-engineering.com\/fr\/#website","url":"https:\/\/www.api-engineering.com\/fr\/","name":"API Engineering fr","description":"API Engineering supply a diverse range of high quality, low cost components and equipment to the Oil &amp; Gas Sector - both Upstream and Downstream.","potentialAction":[{"@type":"SearchAction","target":{"@type":"EntryPoint","urlTemplate":"https:\/\/www.api-engineering.com\/fr\/?s={search_term_string}"},"query-input":{"@type":"PropertyValueSpecification","valueRequired":true,"valueName":"search_term_string"}}],"inLanguage":"en-GB"}]}},"_links":{"self":[{"href":"https:\/\/www.api-engineering.com\/fr\/wp-json\/wp\/v2\/pages\/1354","targetHints":{"allow":["GET"]}}],"collection":[{"href":"https:\/\/www.api-engineering.com\/fr\/wp-json\/wp\/v2\/pages"}],"about":[{"href":"https:\/\/www.api-engineering.com\/fr\/wp-json\/wp\/v2\/types\/page"}],"author":[{"embeddable":true,"href":"https:\/\/www.api-engineering.com\/fr\/wp-json\/wp\/v2\/users\/2"}],"replies":[{"embeddable":true,"href":"https:\/\/www.api-engineering.com\/fr\/wp-json\/wp\/v2\/comments?post=1354"}],"version-history":[{"count":25,"href":"https:\/\/www.api-engineering.com\/fr\/wp-json\/wp\/v2\/pages\/1354\/revisions"}],"predecessor-version":[{"id":2292,"href":"https:\/\/www.api-engineering.com\/fr\/wp-json\/wp\/v2\/pages\/1354\/revisions\/2292"}],"wp:attachment":[{"href":"https:\/\/www.api-engineering.com\/fr\/wp-json\/wp\/v2\/media?parent=1354"}],"curies":[{"name":"wp","href":"https:\/\/api.w.org\/{rel}","templated":true}]}}