{"id":1419,"date":"2022-03-08T17:33:49","date_gmt":"2022-03-08T17:33:49","guid":{"rendered":"https:\/\/drafts.design-vibe.co.uk\/api\/?page_id=1419"},"modified":"2024-03-07T14:44:03","modified_gmt":"2024-03-07T14:44:03","slug":"rotor-earth-fault-detector","status":"publish","type":"page","link":"https:\/\/www.api-engineering.com\/fr\/rotor-earth-fault-detector\/","title":{"rendered":"D\u00e9tecteur de D\u00e9faut de Terre du Rotor"},"content":{"rendered":"\t\t<div data-elementor-type=\"wp-page\" data-elementor-id=\"1419\" class=\"elementor elementor-1419\" data-elementor-post-type=\"page\">\n\t\t\t\t\t\t<section class=\"elementor-section elementor-top-section elementor-element elementor-element-2880a3d elementor-section-height-min-height homeban elementor-section-boxed elementor-section-height-default elementor-section-items-middle\" data-id=\"2880a3d\" data-element_type=\"section\" data-e-type=\"section\" data-settings=\"{&quot;background_background&quot;:&quot;classic&quot;}\">\n\t\t\t\t\t\t\t<div class=\"elementor-background-overlay\"><\/div>\n\t\t\t\t\t\t\t<div class=\"elementor-container elementor-column-gap-default\">\n\t\t\t\t\t<div class=\"elementor-column elementor-col-50 elementor-top-column elementor-element elementor-element-7f13f31\" data-id=\"7f13f31\" data-element_type=\"column\" data-e-type=\"column\">\n\t\t\t<div class=\"elementor-widget-wrap elementor-element-populated\">\n\t\t\t\t\t\t<div class=\"elementor-element elementor-element-8a6391d elementor-widget elementor-widget-heading\" data-id=\"8a6391d\" data-element_type=\"widget\" data-e-type=\"widget\" data-widget_type=\"heading.default\">\n\t\t\t\t<div class=\"elementor-widget-container\">\n\t\t\t\t\t<h1 class=\"elementor-heading-title elementor-size-default\">D\u00e9tecteur de d\u00e9faut \u00e0 la terre du rotor<\/h1>\t\t\t\t<\/div>\n\t\t\t\t<\/div>\n\t\t\t\t<div class=\"elementor-element elementor-element-84c0ec2 elementor-widget elementor-widget-text-editor\" data-id=\"84c0ec2\" data-element_type=\"widget\" data-e-type=\"widget\" data-widget_type=\"text-editor.default\">\n\t\t\t\t<div class=\"elementor-widget-container\">\n\t\t\t\t\t\t\t\t\t<p>Le d\u00e9tecteur de d\u00e9faut de terre du rotor est con\u00e7u pour d\u00e9tecter les courants de d\u00e9faut entre l&#8217;enroulement de champ du rotor et la terre dans les machines synchrones en utilisant la communication infrarouge.<\/p>\t\t\t\t\t\t\t\t<\/div>\n\t\t\t\t<\/div>\n\t\t\t\t<div class=\"elementor-element elementor-element-0f51f1d elementor-widget elementor-widget-button\" data-id=\"0f51f1d\" data-element_type=\"widget\" data-e-type=\"widget\" data-widget_type=\"button.default\">\n\t\t\t\t<div class=\"elementor-widget-container\">\n\t\t\t\t\t\t\t\t\t<div class=\"elementor-button-wrapper\">\n\t\t\t\t\t<a class=\"elementor-button elementor-button-link elementor-size-md\" href=\"\/fr\/contact-us\">\n\t\t\t\t\t\t<span class=\"elementor-button-content-wrapper\">\n\t\t\t\t\t\t\t\t\t<span class=\"elementor-button-text\">Faire une demande<\/span>\n\t\t\t\t\t<\/span>\n\t\t\t\t\t<\/a>\n\t\t\t\t<\/div>\n\t\t\t\t\t\t\t\t<\/div>\n\t\t\t\t<\/div>\n\t\t\t\t\t<\/div>\n\t\t<\/div>\n\t\t\t\t<div class=\"elementor-column elementor-col-50 elementor-top-column elementor-element elementor-element-bf7aa36\" data-id=\"bf7aa36\" data-element_type=\"column\" data-e-type=\"column\">\n\t\t\t<div class=\"elementor-widget-wrap\">\n\t\t\t\t\t\t\t<\/div>\n\t\t<\/div>\n\t\t\t\t\t<\/div>\n\t\t<\/section>\n\t\t\t\t<section class=\"elementor-section elementor-top-section elementor-element elementor-element-e238bc8 elementor-section-boxed elementor-section-height-default elementor-section-height-default\" data-id=\"e238bc8\" data-element_type=\"section\" data-e-type=\"section\" data-settings=\"{&quot;background_background&quot;:&quot;classic&quot;}\">\n\t\t\t\t\t\t<div class=\"elementor-container elementor-column-gap-default\">\n\t\t\t\t\t<div class=\"elementor-column elementor-col-100 elementor-top-column elementor-element elementor-element-a3fb0ab\" data-id=\"a3fb0ab\" data-element_type=\"column\" data-e-type=\"column\">\n\t\t\t<div class=\"elementor-widget-wrap elementor-element-populated\">\n\t\t\t\t\t\t<div class=\"elementor-element elementor-element-37940ce elementor-widget elementor-widget-heading\" data-id=\"37940ce\" data-element_type=\"widget\" data-e-type=\"widget\" data-widget_type=\"heading.default\">\n\t\t\t\t<div class=\"elementor-widget-container\">\n\t\t\t\t\t<h2 class=\"elementor-heading-title elementor-size-default\">En raison d'une demande croissante en mati\u00e8re de diagnostics du rotor et de t\u00e9l\u00e9m\u00e9trie, nous avons con\u00e7u une solution robuste et peu co\u00fbteuse pour d\u00e9tecter les d\u00e9fauts de terre du rotor entre le rotor et le champ des machines synchrones.<\/h2>\t\t\t\t<\/div>\n\t\t\t\t<\/div>\n\t\t\t\t<div class=\"elementor-element elementor-element-6662f3e elementor-widget-divider--view-line elementor-widget elementor-widget-divider\" data-id=\"6662f3e\" data-element_type=\"widget\" data-e-type=\"widget\" data-widget_type=\"divider.default\">\n\t\t\t\t<div class=\"elementor-widget-container\">\n\t\t\t\t\t\t\t<div class=\"elementor-divider\">\n\t\t\t<span class=\"elementor-divider-separator\">\n\t\t\t\t\t\t<\/span>\n\t\t<\/div>\n\t\t\t\t\t\t<\/div>\n\t\t\t\t<\/div>\n\t\t\t\t<div class=\"elementor-element elementor-element-18f3569 elementor-widget elementor-widget-text-editor\" data-id=\"18f3569\" data-element_type=\"widget\" data-e-type=\"widget\" data-widget_type=\"text-editor.default\">\n\t\t\t\t<div class=\"elementor-widget-container\">\n\t\t\t\t\t\t\t\t\t<p>Le dispositif utilise une unit\u00e9 \u00e9mettrice robuste moul\u00e9e en \u00e9poxy, mont\u00e9e sur l&#8217;arbre du rotor au niveau du pont de diodes, o\u00f9 elle re\u00e7oit son alimentation \u00e0 partir de la tension de champ et mesure en continu les courants de fuite entre le champ et la terre. Pendant cette \u00e9tape, un signal est envoy\u00e9 \u00e0 l&#8217;unit\u00e9 PT (mont\u00e9e sur le cadre de fin) pour indiquer une tension de rotor suffisante et un fonctionnement sain. En cas de d\u00e9faillance de l&#8217;isolation du rotor, un signal modul\u00e9 est envoy\u00e9 \u00e0 l&#8217;unit\u00e9 PT mont\u00e9e sur le cadre et une alarme est activ\u00e9e sur l&#8217;unit\u00e9 r\u00e9ceptrice.<\/p><p>L&#8217;unit\u00e9 r\u00e9ceptrice peut \u00eatre mont\u00e9e n&#8217;importe o\u00f9 sur la machine ou \u00e0 l&#8217;int\u00e9rieur d&#8217;un panneau de commande. Trois sorties sont disponibles pour indiquer l&#8217;alimentation de l&#8217;unit\u00e9 r\u00e9ceptrice, l&#8217;alimentation de l&#8217;unit\u00e9 \u00e9mettrice et une alarme de d\u00e9faut de terre du rotor.<\/p><p>Le d\u00e9tecteur de d\u00e9faut de terre du rotor est con\u00e7u pour l&#8217;IP66 et peut fonctionner dans les zones dangereuses Zone 1 et Zone 2. Une version am\u00e9lior\u00e9e est actuellement en cours de d\u00e9veloppement pour transmettre de plus grandes quantit\u00e9s de donn\u00e9es et de param\u00e8tres, tels que le courant, la tension et la temp\u00e9rature.<\/p>\t\t\t\t\t\t\t\t<\/div>\n\t\t\t\t<\/div>\n\t\t\t\t\t<\/div>\n\t\t<\/div>\n\t\t\t\t\t<\/div>\n\t\t<\/section>\n\t\t\t\t<\/div>\n\t\t","protected":false},"excerpt":{"rendered":"<p>D\u00e9tecteur de d\u00e9faut \u00e0 la terre du rotor Le d\u00e9tecteur de d\u00e9faut de terre du&#8230;<\/p>\n","protected":false},"author":2,"featured_media":0,"parent":0,"menu_order":0,"comment_status":"closed","ping_status":"closed","template":"","meta":{"_acf_changed":false,"footnotes":""},"class_list":["post-1419","page","type-page","status-publish","hentry"],"acf":[],"yoast_head":"<!-- This site is optimized with the Yoast SEO plugin v27.4 - https:\/\/yoast.com\/product\/yoast-seo-wordpress\/ -->\n<title>D\u00e9tecteur de D\u00e9faut de Terre du Rotor - API Engineering fr<\/title>\n<meta name=\"robots\" content=\"index, follow, max-snippet:-1, max-image-preview:large, max-video-preview:-1\" \/>\n<link rel=\"canonical\" href=\"https:\/\/www.api-engineering.com\/fr\/rotor-earth-fault-detector\/\" \/>\n<meta property=\"og:locale\" content=\"en_GB\" \/>\n<meta property=\"og:type\" content=\"article\" \/>\n<meta property=\"og:title\" content=\"D\u00e9tecteur de D\u00e9faut de Terre du Rotor - API Engineering fr\" \/>\n<meta property=\"og:description\" content=\"D\u00e9tecteur de d\u00e9faut \u00e0 la terre du rotor Le d\u00e9tecteur de d\u00e9faut de terre du...\" \/>\n<meta property=\"og:url\" content=\"https:\/\/www.api-engineering.com\/fr\/rotor-earth-fault-detector\/\" \/>\n<meta property=\"og:site_name\" content=\"API Engineering fr\" \/>\n<meta property=\"article:modified_time\" content=\"2024-03-07T14:44:03+00:00\" \/>\n<meta name=\"twitter:card\" content=\"summary_large_image\" \/>\n<meta name=\"twitter:label1\" content=\"Estimated reading time\" \/>\n\t<meta name=\"twitter:data1\" content=\"2 minutes\" \/>\n<script type=\"application\/ld+json\" class=\"yoast-schema-graph\">{\"@context\":\"https:\\\/\\\/schema.org\",\"@graph\":[{\"@type\":\"WebPage\",\"@id\":\"https:\\\/\\\/www.api-engineering.com\\\/fr\\\/rotor-earth-fault-detector\\\/\",\"url\":\"https:\\\/\\\/www.api-engineering.com\\\/fr\\\/rotor-earth-fault-detector\\\/\",\"name\":\"D\u00e9tecteur de D\u00e9faut de Terre du Rotor - API Engineering fr\",\"isPartOf\":{\"@id\":\"https:\\\/\\\/www.api-engineering.com\\\/fr\\\/#website\"},\"datePublished\":\"2022-03-08T17:33:49+00:00\",\"dateModified\":\"2024-03-07T14:44:03+00:00\",\"breadcrumb\":{\"@id\":\"https:\\\/\\\/www.api-engineering.com\\\/fr\\\/rotor-earth-fault-detector\\\/#breadcrumb\"},\"inLanguage\":\"en-GB\",\"potentialAction\":[{\"@type\":\"ReadAction\",\"target\":[\"https:\\\/\\\/www.api-engineering.com\\\/fr\\\/rotor-earth-fault-detector\\\/\"]}]},{\"@type\":\"BreadcrumbList\",\"@id\":\"https:\\\/\\\/www.api-engineering.com\\\/fr\\\/rotor-earth-fault-detector\\\/#breadcrumb\",\"itemListElement\":[{\"@type\":\"ListItem\",\"position\":1,\"name\":\"Home\",\"item\":\"https:\\\/\\\/www.api-engineering.com\\\/fr\\\/\"},{\"@type\":\"ListItem\",\"position\":2,\"name\":\"D\u00e9tecteur de D\u00e9faut de Terre du Rotor\"}]},{\"@type\":\"WebSite\",\"@id\":\"https:\\\/\\\/www.api-engineering.com\\\/fr\\\/#website\",\"url\":\"https:\\\/\\\/www.api-engineering.com\\\/fr\\\/\",\"name\":\"API Engineering fr\",\"description\":\"API Engineering supply a diverse range of high quality, low cost components and equipment to the Oil &amp; Gas Sector - both Upstream and Downstream.\",\"potentialAction\":[{\"@type\":\"SearchAction\",\"target\":{\"@type\":\"EntryPoint\",\"urlTemplate\":\"https:\\\/\\\/www.api-engineering.com\\\/fr\\\/?s={search_term_string}\"},\"query-input\":{\"@type\":\"PropertyValueSpecification\",\"valueRequired\":true,\"valueName\":\"search_term_string\"}}],\"inLanguage\":\"en-GB\"}]}<\/script>\n<!-- \/ Yoast SEO plugin. -->","yoast_head_json":{"title":"D\u00e9tecteur de D\u00e9faut de Terre du Rotor - API Engineering fr","robots":{"index":"index","follow":"follow","max-snippet":"max-snippet:-1","max-image-preview":"max-image-preview:large","max-video-preview":"max-video-preview:-1"},"canonical":"https:\/\/www.api-engineering.com\/fr\/rotor-earth-fault-detector\/","og_locale":"en_GB","og_type":"article","og_title":"D\u00e9tecteur de D\u00e9faut de Terre du Rotor - API Engineering fr","og_description":"D\u00e9tecteur de d\u00e9faut \u00e0 la terre du rotor Le d\u00e9tecteur de d\u00e9faut de terre du...","og_url":"https:\/\/www.api-engineering.com\/fr\/rotor-earth-fault-detector\/","og_site_name":"API Engineering fr","article_modified_time":"2024-03-07T14:44:03+00:00","twitter_card":"summary_large_image","twitter_misc":{"Estimated reading time":"2 minutes"},"schema":{"@context":"https:\/\/schema.org","@graph":[{"@type":"WebPage","@id":"https:\/\/www.api-engineering.com\/fr\/rotor-earth-fault-detector\/","url":"https:\/\/www.api-engineering.com\/fr\/rotor-earth-fault-detector\/","name":"D\u00e9tecteur de D\u00e9faut de Terre du Rotor - API Engineering fr","isPartOf":{"@id":"https:\/\/www.api-engineering.com\/fr\/#website"},"datePublished":"2022-03-08T17:33:49+00:00","dateModified":"2024-03-07T14:44:03+00:00","breadcrumb":{"@id":"https:\/\/www.api-engineering.com\/fr\/rotor-earth-fault-detector\/#breadcrumb"},"inLanguage":"en-GB","potentialAction":[{"@type":"ReadAction","target":["https:\/\/www.api-engineering.com\/fr\/rotor-earth-fault-detector\/"]}]},{"@type":"BreadcrumbList","@id":"https:\/\/www.api-engineering.com\/fr\/rotor-earth-fault-detector\/#breadcrumb","itemListElement":[{"@type":"ListItem","position":1,"name":"Home","item":"https:\/\/www.api-engineering.com\/fr\/"},{"@type":"ListItem","position":2,"name":"D\u00e9tecteur de D\u00e9faut de Terre du Rotor"}]},{"@type":"WebSite","@id":"https:\/\/www.api-engineering.com\/fr\/#website","url":"https:\/\/www.api-engineering.com\/fr\/","name":"API Engineering fr","description":"API Engineering supply a diverse range of high quality, low cost components and equipment to the Oil &amp; Gas Sector - both Upstream and Downstream.","potentialAction":[{"@type":"SearchAction","target":{"@type":"EntryPoint","urlTemplate":"https:\/\/www.api-engineering.com\/fr\/?s={search_term_string}"},"query-input":{"@type":"PropertyValueSpecification","valueRequired":true,"valueName":"search_term_string"}}],"inLanguage":"en-GB"}]}},"_links":{"self":[{"href":"https:\/\/www.api-engineering.com\/fr\/wp-json\/wp\/v2\/pages\/1419","targetHints":{"allow":["GET"]}}],"collection":[{"href":"https:\/\/www.api-engineering.com\/fr\/wp-json\/wp\/v2\/pages"}],"about":[{"href":"https:\/\/www.api-engineering.com\/fr\/wp-json\/wp\/v2\/types\/page"}],"author":[{"embeddable":true,"href":"https:\/\/www.api-engineering.com\/fr\/wp-json\/wp\/v2\/users\/2"}],"replies":[{"embeddable":true,"href":"https:\/\/www.api-engineering.com\/fr\/wp-json\/wp\/v2\/comments?post=1419"}],"version-history":[{"count":18,"href":"https:\/\/www.api-engineering.com\/fr\/wp-json\/wp\/v2\/pages\/1419\/revisions"}],"predecessor-version":[{"id":2257,"href":"https:\/\/www.api-engineering.com\/fr\/wp-json\/wp\/v2\/pages\/1419\/revisions\/2257"}],"wp:attachment":[{"href":"https:\/\/www.api-engineering.com\/fr\/wp-json\/wp\/v2\/media?parent=1419"}],"curies":[{"name":"wp","href":"https:\/\/api.w.org\/{rel}","templated":true}]}}